{"id":743,"date":"2023-08-18T12:17:22","date_gmt":"2023-08-18T12:17:22","guid":{"rendered":"http:\/\/mystage.world\/?page_id=743"},"modified":"2023-08-18T12:34:04","modified_gmt":"2023-08-18T12:34:04","slug":"terminos-y-condiciones","status":"publish","type":"page","link":"https:\/\/mystage.world\/es\/terminos-y-condiciones\/","title":{"rendered":"T\u00e9rminos y condiciones"},"content":{"rendered":"<div data-elementor-type=\"wp-page\" data-elementor-id=\"743\" class=\"elementor elementor-743\" data-elementor-post-type=\"page\">\n\t\t\t\t\t\t\t\t\t<section class=\"elementor-section elementor-top-section elementor-element elementor-element-77d036e elementor-section-boxed elementor-section-height-default elementor-section-height-default\" data-id=\"77d036e\" data-element_type=\"section\" data-settings=\"{&quot;jet_parallax_layout_list&quot;:[],&quot;background_background&quot;:&quot;gradient&quot;,&quot;sticky&quot;:&quot;top&quot;,&quot;sticky_on&quot;:[&quot;desktop&quot;,&quot;tablet&quot;,&quot;mobile&quot;],&quot;sticky_offset&quot;:0,&quot;sticky_effects_offset&quot;:0}\">\n\t\t\t\t\t\t<div class=\"elementor-container elementor-column-gap-default\">\n\t\t\t\t\t<div class=\"elementor-column elementor-col-33 elementor-top-column elementor-element elementor-element-778f334\" data-id=\"778f334\" data-element_type=\"column\">\n\t\t\t<div class=\"elementor-widget-wrap elementor-element-populated\">\n\t\t\t\t\t\t\t\t<div class=\"elementor-element elementor-element-93fa472 elementor-widget elementor-widget-image\" data-id=\"93fa472\" data-element_type=\"widget\" data-widget_type=\"image.default\">\n\t\t\t\t<div class=\"elementor-widget-container\">\n\t\t\t<style>\/*! elementor - v3.15.0 - 20-08-2023 *\/\n.elementor-widget-image{text-align:center}.elementor-widget-image a{display:inline-block}.elementor-widget-image a img[src$=\".svg\"]{width:48px}.elementor-widget-image img{vertical-align:middle;display:inline-block}<\/style>\t\t\t\t\t\t\t\t\t\t\t\t<img loading=\"lazy\" decoding=\"async\" width=\"100\" height=\"100\" src=\"https:\/\/mystage.world\/wp-content\/uploads\/2023\/04\/MyStage_logo_Whi.svg\" class=\"attachment-large size-large wp-image-185\" alt=\"logo de myStage\" \/>\t\t\t\t\t\t\t\t\t\t\t\t\t\t\t<\/div>\n\t\t\t\t<\/div>\n\t\t\t\t\t<\/div>\n\t\t<\/div>\n\t\t\t\t<div class=\"elementor-column elementor-col-33 elementor-top-column elementor-element elementor-element-86b508c elementor-hidden-mobile\" data-id=\"86b508c\" data-element_type=\"column\">\n\t\t\t<div class=\"elementor-widget-wrap\">\n\t\t\t\t\t\t\t\t\t<\/div>\n\t\t<\/div>\n\t\t\t\t<div class=\"elementor-column elementor-col-33 elementor-top-column elementor-element elementor-element-e4da41a\" data-id=\"e4da41a\" data-element_type=\"column\">\n\t\t\t<div class=\"elementor-widget-wrap elementor-element-populated\">\n\t\t\t\t\t\t\t\t<div class=\"elementor-element elementor-element-2d4d12f elementor-widget__width-auto elementor-widget elementor-widget-jet-button\" data-id=\"2d4d12f\" data-element_type=\"widget\" data-widget_type=\"jet-button.default\">\n\t\t\t\t<div class=\"elementor-widget-container\">\n\t\t\t<div class=\"elementor-jet-button jet-elements\"><div class=\"jet-button__container\">\n\t<a class=\"jet-button__instance jet-button__instance--icon-left hover-effect-11\" href=\"#elementor-action:action=popup:open&settings=eyJpZCI6IjQ5NSIsInRvZ2dsZSI6ZmFsc2V9\">\n\t\t<div class=\"jet-button__plane jet-button__plane-normal\"><\/div>\n\t\t<div class=\"jet-button__plane jet-button__plane-hover\"><\/div>\n\t\t<div class=\"jet-button__state jet-button__state-normal\">\n\t\t\t<span class=\"jet-button__label\">Join The Wishlist<\/span>\t\t<\/div>\n\t\t<div class=\"jet-button__state jet-button__state-hover\">\n\t\t\t<span class=\"jet-button__label\">Go ><\/span>\t\t<\/div>\n\t<\/a>\n<\/div>\n<\/div>\t\t<\/div>\n\t\t\t\t<\/div>\n\t\t\t\t\t<\/div>\n\t\t<\/div>\n\t\t\t\t\t\t\t<\/div>\n\t\t<\/section>\n\t\t\t\t<section class=\"elementor-section elementor-top-section elementor-element elementor-element-5d7f395 elementor-section-boxed elementor-section-height-default elementor-section-height-default\" data-id=\"5d7f395\" data-element_type=\"section\" data-settings=\"{&quot;jet_parallax_layout_list&quot;:[],&quot;background_background&quot;:&quot;classic&quot;}\">\n\t\t\t\t\t\t<div class=\"elementor-container elementor-column-gap-default\">\n\t\t\t\t\t<div class=\"elementor-column elementor-col-100 elementor-top-column elementor-element elementor-element-563f95e\" data-id=\"563f95e\" data-element_type=\"column\" data-settings=\"{&quot;background_background&quot;:&quot;classic&quot;}\">\n\t\t\t<div class=\"elementor-widget-wrap elementor-element-populated\">\n\t\t\t\t\t\t\t\t<section class=\"elementor-section elementor-inner-section elementor-element elementor-element-3c169c6 elementor-section-full_width elementor-section-height-default elementor-section-height-default\" data-id=\"3c169c6\" data-element_type=\"section\" data-settings=\"{&quot;jet_parallax_layout_list&quot;:[{&quot;_id&quot;:&quot;7af4506&quot;,&quot;jet_parallax_layout_image&quot;:{&quot;url&quot;:&quot;&quot;,&quot;id&quot;:&quot;&quot;,&quot;size&quot;:&quot;&quot;},&quot;jet_parallax_layout_image_tablet&quot;:{&quot;url&quot;:&quot;&quot;,&quot;id&quot;:&quot;&quot;,&quot;size&quot;:&quot;&quot;},&quot;jet_parallax_layout_image_mobile&quot;:{&quot;url&quot;:&quot;&quot;,&quot;id&quot;:&quot;&quot;,&quot;size&quot;:&quot;&quot;},&quot;jet_parallax_layout_speed&quot;:{&quot;unit&quot;:&quot;%&quot;,&quot;size&quot;:50,&quot;sizes&quot;:[]},&quot;jet_parallax_layout_type&quot;:&quot;scroll&quot;,&quot;jet_parallax_layout_direction&quot;:null,&quot;jet_parallax_layout_fx_direction&quot;:null,&quot;jet_parallax_layout_z_index&quot;:&quot;&quot;,&quot;jet_parallax_layout_bg_x&quot;:50,&quot;jet_parallax_layout_bg_x_tablet&quot;:&quot;&quot;,&quot;jet_parallax_layout_bg_x_mobile&quot;:&quot;&quot;,&quot;jet_parallax_layout_bg_y&quot;:50,&quot;jet_parallax_layout_bg_y_tablet&quot;:&quot;&quot;,&quot;jet_parallax_layout_bg_y_mobile&quot;:&quot;&quot;,&quot;jet_parallax_layout_bg_size&quot;:&quot;auto&quot;,&quot;jet_parallax_layout_bg_size_tablet&quot;:&quot;&quot;,&quot;jet_parallax_layout_bg_size_mobile&quot;:&quot;&quot;,&quot;jet_parallax_layout_animation_prop&quot;:&quot;transform&quot;,&quot;jet_parallax_layout_on&quot;:[&quot;desktop&quot;,&quot;tablet&quot;]}]}\">\n\t\t\t\t\t\t<div class=\"elementor-container elementor-column-gap-default\">\n\t\t\t\t\t<div class=\"elementor-column elementor-col-50 elementor-inner-column elementor-element elementor-element-9b993de\" data-id=\"9b993de\" data-element_type=\"column\">\n\t\t\t<div class=\"elementor-widget-wrap elementor-element-populated\">\n\t\t\t\t\t\t\t\t<div class=\"elementor-element elementor-element-b271eb2 elementor-widget elementor-widget-heading\" data-id=\"b271eb2\" data-element_type=\"widget\" data-settings=\"{&quot;sticky&quot;:&quot;top&quot;,&quot;sticky_on&quot;:[&quot;desktop&quot;],&quot;sticky_offset&quot;:0,&quot;sticky_effects_offset&quot;:0}\" data-widget_type=\"heading.default\">\n\t\t\t\t<div class=\"elementor-widget-container\">\n\t\t\t<style>\/*! elementor - v3.15.0 - 20-08-2023 *\/\n.elementor-heading-title{padding:0;margin:0;line-height:1}.elementor-widget-heading .elementor-heading-title[class*=elementor-size-]>a{color:inherit;font-size:inherit;line-height:inherit}.elementor-widget-heading .elementor-heading-title.elementor-size-small{font-size:15px}.elementor-widget-heading .elementor-heading-title.elementor-size-medium{font-size:19px}.elementor-widget-heading .elementor-heading-title.elementor-size-large{font-size:29px}.elementor-widget-heading .elementor-heading-title.elementor-size-xl{font-size:39px}.elementor-widget-heading .elementor-heading-title.elementor-size-xxl{font-size:59px}<\/style><h2 class=\"elementor-heading-title elementor-size-default\">T\u00e9rminos y condiciones<\/h2>\t\t<\/div>\n\t\t\t\t<\/div>\n\t\t\t\t\t<\/div>\n\t\t<\/div>\n\t\t\t\t<div class=\"elementor-column elementor-col-50 elementor-inner-column elementor-element elementor-element-d23a0fd\" data-id=\"d23a0fd\" data-element_type=\"column\">\n\t\t\t<div class=\"elementor-widget-wrap elementor-element-populated\">\n\t\t\t\t\t\t\t\t<div class=\"elementor-element elementor-element-e4d6ffa elementor-widget elementor-widget-text-editor\" data-id=\"e4d6ffa\" data-element_type=\"widget\" data-widget_type=\"text-editor.default\">\n\t\t\t\t<div class=\"elementor-widget-container\">\n\t\t\t<style>\/*! elementor - v3.15.0 - 20-08-2023 *\/\n.elementor-widget-text-editor.elementor-drop-cap-view-stacked .elementor-drop-cap{background-color:#69727d;color:#fff}.elementor-widget-text-editor.elementor-drop-cap-view-framed .elementor-drop-cap{color:#69727d;border:3px solid;background-color:transparent}.elementor-widget-text-editor:not(.elementor-drop-cap-view-default) .elementor-drop-cap{margin-top:8px}.elementor-widget-text-editor:not(.elementor-drop-cap-view-default) .elementor-drop-cap-letter{width:1em;height:1em}.elementor-widget-text-editor .elementor-drop-cap{float:left;text-align:center;line-height:1;font-size:50px}.elementor-widget-text-editor .elementor-drop-cap-letter{display:inline-block}<\/style>\t\t\t\t<h1><span style=\"font-weight: 400;\">T\u00e9rminos y condiciones de MyStage &#8211; Whitetrack S.L.<\/span><\/h1><p>\u00a0<\/p><p><b>Aceptaci\u00f3n de los t\u00e9rminos y condiciones<\/b><span style=\"font-weight: 400;\">: Al utilizar la plataforma MyStage, los usuarios aceptan los t\u00e9rminos y condiciones aqu\u00ed establecidos. Si no est\u00e1n de acuerdo con estos t\u00e9rminos, no deben utilizar la plataforma.<\/span><\/p><p>\u00a0<\/p><p><b>Definici\u00f3n de la plataforma<\/b><span style=\"font-weight: 400;\">: MyStage es una plataforma de producci\u00f3n virtual que permite a los usuarios realizar espect\u00e1culos y transmitirlos en vivo. No se hace responsable por el contenido transmitido por los usuarios.<\/span><\/p><p>\u00a0<\/p><p><b>Edad m\u00ednima:<\/b><span style=\"font-weight: 400;\"> Para utilizar la plataforma, los usuarios deben tener al menos 18 a\u00f1os de edad, o la mayor\u00eda de edad seg\u00fan la jurisdicci\u00f3n de su pa\u00eds de residencia.<\/span><\/p><p>\u00a0<\/p><p><b>Uso adecuado:<\/b><span style=\"font-weight: 400;\"> Los usuarios est\u00e1n de acuerdo en no utilizar la plataforma para cualquier prop\u00f3sito ilegal o prohibido por estos t\u00e9rminos. Esto incluye, pero no se limita a, actos de difamaci\u00f3n, acoso, violaci\u00f3n de derechos de autor, privacidad o derechos de propiedad intelectual.<\/span><\/p><p>\u00a0<\/p><p><b>Responsabilidad del usuario:<\/b><span style=\"font-weight: 400;\"> El usuario es responsable de todo el contenido que suba y transmita en la plataforma. Whitetrack S.L. no asume ninguna responsabilidad por el contenido proporcionado por los usuarios.<\/span><\/p><p>\u00a0<\/p><p><b>Indemnizaci\u00f3n:<\/b><span style=\"font-weight: 400;\"> El usuario acuerda indemnizar y eximir de responsabilidad a Whitetrack S.L., sus afiliados, directores, empleados y agentes de cualquier reclamo, da\u00f1o, obligaci\u00f3n, p\u00e9rdida, responsabilidad, costo o deuda, y gastos (incluyendo, pero no limitado a, honorarios de abogados) derivados de: (i) el uso y acceso a la plataforma MyStage; (ii) la violaci\u00f3n de cualquier t\u00e9rmino de estos T\u00e9rminos y Condiciones; (iii) la violaci\u00f3n de cualquier derecho de terceros, incluyendo, sin limitaci\u00f3n, cualquier derecho de autor, propiedad, o derecho de privacidad.<\/span><\/p><p>\u00a0<\/p><p><b>Exclusi\u00f3n de garant\u00edas:<\/b><span style=\"font-weight: 400;\"> Whitetrack S.L. proporciona la plataforma &#8220;tal cual&#8221; y &#8220;como est\u00e1 disponible&#8221;, sin garant\u00eda de ning\u00fan tipo, expl\u00edcita o impl\u00edcita.<\/span><\/p><p>\u00a0<\/p><p><b>L\u00edmite de responsabilidad:<\/b><span style=\"font-weight: 400;\"> En ning\u00fan caso Whitetrack S.L. ser\u00e1 responsable de cualquier da\u00f1o directo, indirecto, incidental, especial, consecuencial o ejemplar, derivado del uso o la incapacidad de uso de la plataforma.<\/span><\/p><p>\u00a0<\/p><p><b>Terminaci\u00f3n:<\/b><span style=\"font-weight: 400;\"> Whitetrack S.L. se reserva el derecho de terminar el acceso a la plataforma para cualquier usuario que viole estos t\u00e9rminos.<\/span><\/p><p>\u00a0<\/p><p><b>Ley aplicable y jurisdicci\u00f3n:<\/b><span style=\"font-weight: 400;\"> Estos t\u00e9rminos se rigen por la ley espa\u00f1ola. Cualquier disputa relacionada con estos t\u00e9rminos ser\u00e1 resuelta en los tribunales de Espa\u00f1a.<\/span><\/p><p><span style=\"font-weight: 400;\">\u00a0<\/span><\/p><p><span style=\"font-weight: 400;\">\u00a0<\/span><\/p><p>\u00a0<\/p><h1><span style=\"font-weight: 400;\">T\u00e9rminos y condiciones de esta p\u00e1gina web &#8211; Whitetrack S.L.<\/span><\/h1><p>\u00a0<\/p><p><b>Aceptaci\u00f3n de los t\u00e9rminos y condiciones:<\/b><span style=\"font-weight: 400;\"> Al utilizar la landing page de MyStage, los usuarios aceptan los t\u00e9rminos y condiciones aqu\u00ed establecidos. Si no est\u00e1n de acuerdo con estos t\u00e9rminos, no deben utilizar la p\u00e1gina.<\/span><\/p><p>\u00a0<\/p><p><b>Definici\u00f3n de la landing page:<\/b><span style=\"font-weight: 400;\"> La landing page de MyStage es una p\u00e1gina de presentaci\u00f3n de la plataforma MyStage que ofrece informaci\u00f3n sobre el servicio y permite a los usuarios registrarse para acceder a la plataforma.<\/span><\/p><p>\u00a0<\/p><p><b>Edad m\u00ednima:<\/b><span style=\"font-weight: 400;\"> Para registrarse en la landing page, los usuarios deben tener al menos 18 a\u00f1os de edad, o la mayor\u00eda de edad seg\u00fan la jurisdicci\u00f3n de su pa\u00eds de residencia.<\/span><\/p><p>\u00a0<\/p><p><b>Uso adecuado: <\/b><span style=\"font-weight: 400;\">Los usuarios acuerdan no utilizar la landing page para cualquier prop\u00f3sito ilegal o prohibido por estos t\u00e9rminos.<\/span><\/p><p>\u00a0<\/p><p><b>Responsabilidad del usuario: <\/b><span style=\"font-weight: 400;\">El usuario es responsable de la informaci\u00f3n que proporciona en la landing page. Whitetrack S.L. no asume ninguna responsabilidad por la informaci\u00f3n proporcionada por los usuarios.<\/span><\/p><p>\u00a0<\/p><p><b>Indemnizaci\u00f3n: <\/b><span style=\"font-weight: 400;\">El usuario acuerda indemnizar y eximir de responsabilidad a Whitetrack S.L., sus afiliados, directores, empleados y agentes de cualquier reclamo, da\u00f1o, obligaci\u00f3n, p\u00e9rdida, responsabilidad, costo o deuda, y gastos (incluyendo, pero no limitado a, honorarios de abogados) derivados de: (i) el uso y acceso a la landing page de MyStage; (ii) la violaci\u00f3n de cualquier t\u00e9rmino de estos T\u00e9rminos y Condiciones.<\/span><\/p><p>\u00a0<\/p><p><b>Exclusi\u00f3n de garant\u00edas: <\/b><span style=\"font-weight: 400;\">Whitetrack S.L. proporciona la landing page &#8220;tal cual&#8221; y &#8220;como est\u00e1 disponible&#8221;, sin garant\u00eda de ning\u00fan tipo, expl\u00edcita o impl\u00edcita.<\/span><\/p><p>\u00a0<\/p><p><b>L\u00edmite de responsabilidad:<\/b><span style=\"font-weight: 400;\"> En ning\u00fan caso Whitetrack S.L. ser\u00e1 responsable de cualquier da\u00f1o directo, indirecto, incidental, especial, consecuencial o ejemplar, derivado del uso o la incapacidad de uso de la landing page.<\/span><\/p><p>\u00a0<\/p><p><b>Terminaci\u00f3n:<\/b><span style=\"font-weight: 400;\"> Whitetrack S.L. se reserva el derecho de terminar el acceso a la landing page para cualquier usuario que viole estos t\u00e9rminos.<\/span><\/p><p>\u00a0<\/p><p><b>Ley aplicable y jurisdicci\u00f3n:<\/b><span style=\"font-weight: 400;\"> Estos t\u00e9rminos se rigen por la ley espa\u00f1ola. Cualquier disputa relacionada con estos t\u00e9rminos ser\u00e1 resuelta en los tribunales de Espa\u00f1a.<\/span><\/p>\t\t\t\t\t\t<\/div>\n\t\t\t\t<\/div>\n\t\t\t\t\t<\/div>\n\t\t<\/div>\n\t\t\t\t\t\t\t<\/div>\n\t\t<\/section>\n\t\t\t\t\t<\/div>\n\t\t<\/div>\n\t\t\t\t\t\t\t<\/div>\n\t\t<\/section>\n\t\t\t\t\t\t\t<\/div>","protected":false},"excerpt":{"rendered":"<p>T\u00e9rminos y condiciones T\u00e9rminos y condiciones de MyStage &#8211; Whitetrack S.L. \u00a0 Aceptaci\u00f3n de los t\u00e9rminos y condiciones: Al utilizar la plataforma MyStage, los usuarios aceptan los t\u00e9rminos y condiciones aqu\u00ed establecidos. Si no est\u00e1n de acuerdo con estos t\u00e9rminos, no deben utilizar la plataforma. \u00a0 Definici\u00f3n de la plataforma: MyStage es una plataforma de [&hellip;]<\/p>","protected":false},"author":1,"featured_media":0,"parent":0,"menu_order":0,"comment_status":"closed","ping_status":"closed","template":"elementor_canvas","meta":{"footnotes":""},"class_list":["post-743","page","type-page","status-publish","hentry"],"_links":{"self":[{"href":"https:\/\/mystage.world\/es\/wp-json\/wp\/v2\/pages\/743","targetHints":{"allow":["GET"]}}],"collection":[{"href":"https:\/\/mystage.world\/es\/wp-json\/wp\/v2\/pages"}],"about":[{"href":"https:\/\/mystage.world\/es\/wp-json\/wp\/v2\/types\/page"}],"author":[{"embeddable":true,"href":"https:\/\/mystage.world\/es\/wp-json\/wp\/v2\/users\/1"}],"replies":[{"embeddable":true,"href":"https:\/\/mystage.world\/es\/wp-json\/wp\/v2\/comments?post=743"}],"version-history":[{"count":19,"href":"https:\/\/mystage.world\/es\/wp-json\/wp\/v2\/pages\/743\/revisions"}],"predecessor-version":[{"id":767,"href":"https:\/\/mystage.world\/es\/wp-json\/wp\/v2\/pages\/743\/revisions\/767"}],"wp:attachment":[{"href":"https:\/\/mystage.world\/es\/wp-json\/wp\/v2\/media?parent=743"}],"curies":[{"name":"wp","href":"https:\/\/api.w.org\/{rel}","templated":true}]}}