{"id":768,"date":"2023-08-18T12:34:28","date_gmt":"2023-08-18T12:34:28","guid":{"rendered":"http:\/\/mystage.world\/?page_id=768"},"modified":"2023-08-18T12:38:50","modified_gmt":"2023-08-18T12:38:50","slug":"politica-de-privacidad","status":"publish","type":"page","link":"https:\/\/mystage.world\/es\/politica-de-privacidad\/","title":{"rendered":"Politica de privacidad"},"content":{"rendered":"<div data-elementor-type=\"wp-page\" data-elementor-id=\"768\" class=\"elementor elementor-768\" data-elementor-post-type=\"page\">\n\t\t\t\t\t\t\t\t\t<section class=\"elementor-section elementor-top-section elementor-element elementor-element-1c02f14 elementor-section-boxed elementor-section-height-default elementor-section-height-default\" data-id=\"1c02f14\" data-element_type=\"section\" data-settings=\"{&quot;jet_parallax_layout_list&quot;:[],&quot;background_background&quot;:&quot;gradient&quot;,&quot;sticky&quot;:&quot;top&quot;,&quot;sticky_on&quot;:[&quot;desktop&quot;,&quot;tablet&quot;,&quot;mobile&quot;],&quot;sticky_offset&quot;:0,&quot;sticky_effects_offset&quot;:0}\">\n\t\t\t\t\t\t<div class=\"elementor-container elementor-column-gap-default\">\n\t\t\t\t\t<div class=\"elementor-column elementor-col-33 elementor-top-column elementor-element elementor-element-87cc828\" data-id=\"87cc828\" data-element_type=\"column\">\n\t\t\t<div class=\"elementor-widget-wrap elementor-element-populated\">\n\t\t\t\t\t\t\t\t<div class=\"elementor-element elementor-element-8bab282 elementor-widget elementor-widget-image\" data-id=\"8bab282\" data-element_type=\"widget\" data-widget_type=\"image.default\">\n\t\t\t\t<div class=\"elementor-widget-container\">\n\t\t\t<style>\/*! elementor - v3.15.0 - 20-08-2023 *\/\n.elementor-widget-image{text-align:center}.elementor-widget-image a{display:inline-block}.elementor-widget-image a img[src$=\".svg\"]{width:48px}.elementor-widget-image img{vertical-align:middle;display:inline-block}<\/style>\t\t\t\t\t\t\t\t\t\t\t\t<img loading=\"lazy\" decoding=\"async\" width=\"100\" height=\"100\" src=\"https:\/\/mystage.world\/wp-content\/uploads\/2023\/04\/MyStage_logo_Whi.svg\" class=\"attachment-large size-large wp-image-185\" alt=\"logo de myStage\" \/>\t\t\t\t\t\t\t\t\t\t\t\t\t\t\t<\/div>\n\t\t\t\t<\/div>\n\t\t\t\t\t<\/div>\n\t\t<\/div>\n\t\t\t\t<div class=\"elementor-column elementor-col-33 elementor-top-column elementor-element elementor-element-4a435e8 elementor-hidden-mobile\" data-id=\"4a435e8\" data-element_type=\"column\">\n\t\t\t<div class=\"elementor-widget-wrap\">\n\t\t\t\t\t\t\t\t\t<\/div>\n\t\t<\/div>\n\t\t\t\t<div class=\"elementor-column elementor-col-33 elementor-top-column elementor-element elementor-element-45a54b0\" data-id=\"45a54b0\" data-element_type=\"column\">\n\t\t\t<div class=\"elementor-widget-wrap elementor-element-populated\">\n\t\t\t\t\t\t\t\t<div class=\"elementor-element elementor-element-e6470dd elementor-widget__width-auto elementor-widget elementor-widget-jet-button\" data-id=\"e6470dd\" data-element_type=\"widget\" data-widget_type=\"jet-button.default\">\n\t\t\t\t<div class=\"elementor-widget-container\">\n\t\t\t<div class=\"elementor-jet-button jet-elements\"><div class=\"jet-button__container\">\n\t<a class=\"jet-button__instance jet-button__instance--icon-left hover-effect-11\" href=\"#elementor-action:action=popup:open&settings=eyJpZCI6IjQ5NSIsInRvZ2dsZSI6ZmFsc2V9\">\n\t\t<div class=\"jet-button__plane jet-button__plane-normal\"><\/div>\n\t\t<div class=\"jet-button__plane jet-button__plane-hover\"><\/div>\n\t\t<div class=\"jet-button__state jet-button__state-normal\">\n\t\t\t<span class=\"jet-button__label\">Join The Wishlist<\/span>\t\t<\/div>\n\t\t<div class=\"jet-button__state jet-button__state-hover\">\n\t\t\t<span class=\"jet-button__label\">Go ><\/span>\t\t<\/div>\n\t<\/a>\n<\/div>\n<\/div>\t\t<\/div>\n\t\t\t\t<\/div>\n\t\t\t\t\t<\/div>\n\t\t<\/div>\n\t\t\t\t\t\t\t<\/div>\n\t\t<\/section>\n\t\t\t\t<section class=\"elementor-section elementor-top-section elementor-element elementor-element-61e2fe2 elementor-section-boxed elementor-section-height-default elementor-section-height-default\" data-id=\"61e2fe2\" data-element_type=\"section\" data-settings=\"{&quot;jet_parallax_layout_list&quot;:[],&quot;background_background&quot;:&quot;classic&quot;}\">\n\t\t\t\t\t\t<div class=\"elementor-container elementor-column-gap-default\">\n\t\t\t\t\t<div class=\"elementor-column elementor-col-100 elementor-top-column elementor-element elementor-element-2c749fc\" data-id=\"2c749fc\" data-element_type=\"column\" data-settings=\"{&quot;background_background&quot;:&quot;classic&quot;}\">\n\t\t\t<div class=\"elementor-widget-wrap elementor-element-populated\">\n\t\t\t\t\t\t\t\t<section class=\"elementor-section elementor-inner-section elementor-element elementor-element-c717f71 elementor-section-full_width elementor-section-height-default elementor-section-height-default\" data-id=\"c717f71\" data-element_type=\"section\" data-settings=\"{&quot;jet_parallax_layout_list&quot;:[{&quot;_id&quot;:&quot;7af4506&quot;,&quot;jet_parallax_layout_image&quot;:{&quot;url&quot;:&quot;&quot;,&quot;id&quot;:&quot;&quot;,&quot;size&quot;:&quot;&quot;},&quot;jet_parallax_layout_image_tablet&quot;:{&quot;url&quot;:&quot;&quot;,&quot;id&quot;:&quot;&quot;,&quot;size&quot;:&quot;&quot;},&quot;jet_parallax_layout_image_mobile&quot;:{&quot;url&quot;:&quot;&quot;,&quot;id&quot;:&quot;&quot;,&quot;size&quot;:&quot;&quot;},&quot;jet_parallax_layout_speed&quot;:{&quot;unit&quot;:&quot;%&quot;,&quot;size&quot;:50,&quot;sizes&quot;:[]},&quot;jet_parallax_layout_type&quot;:&quot;scroll&quot;,&quot;jet_parallax_layout_direction&quot;:null,&quot;jet_parallax_layout_fx_direction&quot;:null,&quot;jet_parallax_layout_z_index&quot;:&quot;&quot;,&quot;jet_parallax_layout_bg_x&quot;:50,&quot;jet_parallax_layout_bg_x_tablet&quot;:&quot;&quot;,&quot;jet_parallax_layout_bg_x_mobile&quot;:&quot;&quot;,&quot;jet_parallax_layout_bg_y&quot;:50,&quot;jet_parallax_layout_bg_y_tablet&quot;:&quot;&quot;,&quot;jet_parallax_layout_bg_y_mobile&quot;:&quot;&quot;,&quot;jet_parallax_layout_bg_size&quot;:&quot;auto&quot;,&quot;jet_parallax_layout_bg_size_tablet&quot;:&quot;&quot;,&quot;jet_parallax_layout_bg_size_mobile&quot;:&quot;&quot;,&quot;jet_parallax_layout_animation_prop&quot;:&quot;transform&quot;,&quot;jet_parallax_layout_on&quot;:[&quot;desktop&quot;,&quot;tablet&quot;]}]}\">\n\t\t\t\t\t\t<div class=\"elementor-container elementor-column-gap-default\">\n\t\t\t\t\t<div class=\"elementor-column elementor-col-50 elementor-inner-column elementor-element elementor-element-f578983\" data-id=\"f578983\" data-element_type=\"column\">\n\t\t\t<div class=\"elementor-widget-wrap elementor-element-populated\">\n\t\t\t\t\t\t\t\t<div class=\"elementor-element elementor-element-7079588 elementor-widget elementor-widget-heading\" data-id=\"7079588\" data-element_type=\"widget\" data-settings=\"{&quot;sticky&quot;:&quot;top&quot;,&quot;sticky_on&quot;:[&quot;desktop&quot;],&quot;sticky_offset&quot;:0,&quot;sticky_effects_offset&quot;:0}\" data-widget_type=\"heading.default\">\n\t\t\t\t<div class=\"elementor-widget-container\">\n\t\t\t<style>\/*! elementor - v3.15.0 - 20-08-2023 *\/\n.elementor-heading-title{padding:0;margin:0;line-height:1}.elementor-widget-heading .elementor-heading-title[class*=elementor-size-]>a{color:inherit;font-size:inherit;line-height:inherit}.elementor-widget-heading .elementor-heading-title.elementor-size-small{font-size:15px}.elementor-widget-heading .elementor-heading-title.elementor-size-medium{font-size:19px}.elementor-widget-heading .elementor-heading-title.elementor-size-large{font-size:29px}.elementor-widget-heading .elementor-heading-title.elementor-size-xl{font-size:39px}.elementor-widget-heading .elementor-heading-title.elementor-size-xxl{font-size:59px}<\/style><h2 class=\"elementor-heading-title elementor-size-default\">Politica de privacidad<\/h2>\t\t<\/div>\n\t\t\t\t<\/div>\n\t\t\t\t\t<\/div>\n\t\t<\/div>\n\t\t\t\t<div class=\"elementor-column elementor-col-50 elementor-inner-column elementor-element elementor-element-62ec8bc\" data-id=\"62ec8bc\" data-element_type=\"column\">\n\t\t\t<div class=\"elementor-widget-wrap elementor-element-populated\">\n\t\t\t\t\t\t\t\t<div class=\"elementor-element elementor-element-30c5ea4 elementor-widget elementor-widget-text-editor\" data-id=\"30c5ea4\" data-element_type=\"widget\" data-widget_type=\"text-editor.default\">\n\t\t\t\t<div class=\"elementor-widget-container\">\n\t\t\t<style>\/*! elementor - v3.15.0 - 20-08-2023 *\/\n.elementor-widget-text-editor.elementor-drop-cap-view-stacked .elementor-drop-cap{background-color:#69727d;color:#fff}.elementor-widget-text-editor.elementor-drop-cap-view-framed .elementor-drop-cap{color:#69727d;border:3px solid;background-color:transparent}.elementor-widget-text-editor:not(.elementor-drop-cap-view-default) .elementor-drop-cap{margin-top:8px}.elementor-widget-text-editor:not(.elementor-drop-cap-view-default) .elementor-drop-cap-letter{width:1em;height:1em}.elementor-widget-text-editor .elementor-drop-cap{float:left;text-align:center;line-height:1;font-size:50px}.elementor-widget-text-editor .elementor-drop-cap-letter{display:inline-block}<\/style>\t\t\t\t<span style=\"font-weight: 400;\">Pol\u00edtica de Privacidad de MyStage y su Landing Page<\/span>\n<h1><\/h1>\n<h3><b>1.- Responsable del tratamiento de datos<\/b><\/h3>\n<h1><\/h1>\n<span style=\"font-weight: 400;\">El responsable del tratamiento de sus datos personales es WHITETRACK, S.L. (en adelante, \u201cMyStage\u201d), con N.I.F.: B40645186 y domicilio social Juan Ram\u00f3n Jim\u00e9nez, 7 \u2013 46901 Torrent (Valencia).<\/span>\n<h1><\/h1>\n<span style=\"font-weight: 400;\">Le informamos que la titularidad de la Aplicaci\u00f3n y Landing Page de MyStage, es de MyStage.\u00a0<\/span>\n<h1><\/h1>\n<span style=\"font-weight: 400;\">El Usuario podr\u00e1 contactar con MyStage en la siguiente direcci\u00f3n de correo electr\u00f3nico: hola@mystage.net<\/span>\n<h1><\/h1>\n<h3><b>2.- Legitimaci\u00f3n para el tratamiento de datos<\/b><\/h3>\n<h1><\/h1>\n<span style=\"font-weight: 400;\">MyStage tiene el derecho de tratar sus datos para poder llevar a cabo la prestaci\u00f3n de sus servicios. MyStage se toma muy en serio la protecci\u00f3n de su privacidad y de sus datos personales. Por lo tanto, su informaci\u00f3n personal se conserva de forma segura y se trata con el m\u00e1ximo cuidado.<\/span>\n<h1><\/h1>\n<span style=\"font-weight: 400;\">Las bases de legitimaci\u00f3n utilizadas por MyStage para el tratamiento de los datos de los Usuarios son:<\/span>\n<h1><\/h1>\n<span style=\"font-weight: 400;\">&#8211; La ejecuci\u00f3n contractual.<\/span>\n\n<span style=\"font-weight: 400;\">&#8211; El consentimiento de los Usuarios al tratamiento de sus datos personales para las finalidades especificadas en cada caso.<\/span>\n\n<span style=\"font-weight: 400;\">&#8211; El inter\u00e9s leg\u00edtimo, en su caso.<\/span>\n<h1><\/h1>\n<h3><b>3.- Finalidades del tratamiento de datos<\/b><\/h3>\n<h1><\/h1>\n<span style=\"font-weight: 400;\">Sus datos de car\u00e1cter personal recabados por MyStage podr\u00e1n ser utilizados para las siguientes finalidades, seg\u00fan el consentimiento otorgado en el formulario de registro correspondiente:<\/span>\n<h1><\/h1>\n<span style=\"font-weight: 400;\">&#8211; La prestaci\u00f3n de los servicios ofrecidos a trav\u00e9s de la Aplicaci\u00f3n y Landing Page.<\/span>\n\n<span style=\"font-weight: 400;\">&#8211; El env\u00edo de comunicaciones comerciales y\/o Newsletter por parte de MyStage, por diversos medios, comunicaciones comerciales.<\/span>\n\n<span style=\"font-weight: 400;\">&#8211; El env\u00edo de comunicaciones comerciales y\/o Newsletter de MyStage por cuenta de terceras empresas relacionadas con el sector de los eventos.<\/span>\n<h1><\/h1>\n<h3><b>4.- Veracidad de los datos<\/b><\/h3>\n<h1><\/h1>\n<span style=\"font-weight: 400;\">El Usuario garantiza que los datos personales facilitados son veraces y se hace responsable de comunicar a MyStage cualquier modificaci\u00f3n de estos.\u00a0<\/span>\n<h1><\/h1>\n<h3><b>5.- Conservaci\u00f3n de los datos<\/b><\/h3>\n<h1><\/h1>\n<span style=\"font-weight: 400;\">Los datos personales proporcionados se conservar\u00e1n por parte de MyStage mientras el Usuario no manifieste su voluntad de darse de baja de los servicios de MyStage.<\/span>\n<h1><\/h1>\n<h3><b>6.- Derechos del Usuario en relaci\u00f3n con sus datos<\/b><\/h3>\n<h1><\/h1>\n<span style=\"font-weight: 400;\">El Usuario tiene derecho a:<\/span>\n<h1><\/h1>\n<span style=\"font-weight: 400;\">&#8211; Acceder a sus datos personales.<\/span>\n\n<span style=\"font-weight: 400;\">&#8211; Solicitar la rectificaci\u00f3n de los datos inexactos.<\/span>\n\n<span style=\"font-weight: 400;\">&#8211; Solicitar su supresi\u00f3n.<\/span>\n\n<span style=\"font-weight: 400;\">&#8211; Solicitar la limitaci\u00f3n del tratamiento de sus datos.<\/span>\n\n<span style=\"font-weight: 400;\">&#8211; Oponerse al tratamiento de sus datos.<\/span>\n\n<span style=\"font-weight: 400;\">&#8211; Solicitar su portabilidad.<\/span>\n\n<span style=\"font-weight: 400;\">&#8211; No ser objeto de decisiones individuales automatizadas.<\/span>\n<h1><\/h1>\n<h3><b>7.- Seguridad de los datos<\/b><\/h3>\n<h1><\/h1>\n<span style=\"font-weight: 400;\">La protecci\u00f3n de la privacidad y los datos personales de los Usuarios es muy importante para MyStage. MyStage mantiene los niveles de seguridad de protecci\u00f3n de datos personales conforme a la normativa aplicable.<\/span>\n<h1><\/h1>\n<h3><b>8.- Cambios en la Pol\u00edtica de Privacidad<\/b><\/h3>\n<h1><\/h1>\n<span style=\"font-weight: 400;\">MyStage se reserva el derecho de revisar su Pol\u00edtica de Privacidad en el momento que considere oportuno.\u00a0<\/span>\n<h1><\/h1>\n<h3><b>9.- Preguntas<\/b><\/h3>\n<h1><\/h1>\n<span style=\"font-weight: 400;\">Si tienen alguna pregunta sobre esta Pol\u00edtica de Privacidad o el tratamiento de sus datos rogamos que se ponga en contacto con MyStage mediante correo electr\u00f3nico dirigido a la siguiente direcci\u00f3n de correo electr\u00f3nico: hola@mystage.net<\/span>\n<h1><\/h1>\n<h3><b>10.- Aceptaci\u00f3n y Consentimiento<\/b><\/h3>\n<h1><\/h1>\n<span style=\"font-weight: 400;\">El Usuario declara haber sido informado de las condiciones sobre protecci\u00f3n de datos personales, aceptando y consintiendo el tratamiento de estos por parte de MyStage, en la forma y para las finalidades indicadas en la presente Pol\u00edtica de Privacidad.<\/span>\n\n<b>Aceptaci\u00f3n de los t\u00e9rminos y condiciones<\/b><span style=\"font-weight: 400;\">: Al utilizar la plataforma MyStage, los usuarios aceptan los t\u00e9rminos y condiciones aqu\u00ed establecidos. Si no est\u00e1n de acuerdo con estos t\u00e9rminos, no deben utilizar la plataforma.<\/span>\n\n<b>Definici\u00f3n de la plataforma<\/b><span style=\"font-weight: 400;\">: MyStage es una plataforma de producci\u00f3n virtual que permite a los usuarios realizar espect\u00e1culos y transmitirlos en vivo. No se hace responsable por el contenido transmitido por los usuarios.<\/span>\n\n<b>Edad m\u00ednima:<\/b><span style=\"font-weight: 400;\"> Para utilizar la plataforma, los usuarios deben tener al menos 18 a\u00f1os de edad, o la mayor\u00eda de edad seg\u00fan la jurisdicci\u00f3n de su pa\u00eds de residencia.<\/span>\n\n<b>Uso adecuado:<\/b><span style=\"font-weight: 400;\"> Los usuarios est\u00e1n de acuerdo en no utilizar la plataforma para cualquier prop\u00f3sito ilegal o prohibido por estos t\u00e9rminos. Esto incluye, pero no se limita a, actos de difamaci\u00f3n, acoso, violaci\u00f3n de derechos de autor, privacidad o derechos de propiedad intelectual.<\/span>\n\n<b>Responsabilidad del usuario:<\/b><span style=\"font-weight: 400;\"> El usuario es responsable de todo el contenido que suba y transmita en la plataforma. Whitetrack S.L. no asume ninguna responsabilidad por el contenido proporcionado por los usuarios.<\/span>\n\n<b>Indemnizaci\u00f3n:<\/b><span style=\"font-weight: 400;\"> El usuario acuerda indemnizar y eximir de responsabilidad a Whitetrack S.L., sus afiliados, directores, empleados y agentes de cualquier reclamo, da\u00f1o, obligaci\u00f3n, p\u00e9rdida, responsabilidad, costo o deuda, y gastos (incluyendo, pero no limitado a, honorarios de abogados) derivados de: (i) el uso y acceso a la plataforma MyStage; (ii) la violaci\u00f3n de cualquier t\u00e9rmino de estos T\u00e9rminos y Condiciones; (iii) la violaci\u00f3n de cualquier derecho de terceros, incluyendo, sin limitaci\u00f3n, cualquier derecho de autor, propiedad, o derecho de privacidad.<\/span>\n\n<b>Exclusi\u00f3n de garant\u00edas:<\/b><span style=\"font-weight: 400;\"> Whitetrack S.L. proporciona la plataforma &#8220;tal cual&#8221; y &#8220;como est\u00e1 disponible&#8221;, sin garant\u00eda de ning\u00fan tipo, expl\u00edcita o impl\u00edcita.<\/span>\n\n<b>L\u00edmite de responsabilidad:<\/b><span style=\"font-weight: 400;\"> En ning\u00fan caso Whitetrack S.L. ser\u00e1 responsable de cualquier da\u00f1o directo, indirecto, incidental, especial, consecuencial o ejemplar, derivado del uso o la incapacidad de uso de la plataforma.<\/span>\n\n<b>Terminaci\u00f3n:<\/b><span style=\"font-weight: 400;\"> Whitetrack S.L. se reserva el derecho de terminar el acceso a la plataforma para cualquier usuario que viole estos t\u00e9rminos.<\/span>\n\n<b>Ley aplicable y jurisdicci\u00f3n:<\/b><span style=\"font-weight: 400;\"> Estos t\u00e9rminos se rigen por la ley espa\u00f1ola. Cualquier disputa relacionada con estos t\u00e9rminos ser\u00e1 resuelta en los tribunales de Espa\u00f1a.<\/span>\n\n<span style=\"font-weight: 400;\">\u00a0<\/span>\n\n<span style=\"font-weight: 400;\">\u00a0<\/span>\n<h1><span style=\"font-weight: 400;\">T\u00e9rminos y condiciones de esta p\u00e1gina web &#8211; Whitetrack S.L.<\/span><\/h1>\n<b>Aceptaci\u00f3n de los t\u00e9rminos y condiciones:<\/b><span style=\"font-weight: 400;\"> Al utilizar la landing page de MyStage, los usuarios aceptan los t\u00e9rminos y condiciones aqu\u00ed establecidos. Si no est\u00e1n de acuerdo con estos t\u00e9rminos, no deben utilizar la p\u00e1gina.<\/span>\n\n<b>Definici\u00f3n de la landing page:<\/b><span style=\"font-weight: 400;\"> La landing page de MyStage es una p\u00e1gina de presentaci\u00f3n de la plataforma MyStage que ofrece informaci\u00f3n sobre el servicio y permite a los usuarios registrarse para acceder a la plataforma.<\/span>\n\n<b>Edad m\u00ednima:<\/b><span style=\"font-weight: 400;\"> Para registrarse en la landing page, los usuarios deben tener al menos 18 a\u00f1os de edad, o la mayor\u00eda de edad seg\u00fan la jurisdicci\u00f3n de su pa\u00eds de residencia.<\/span>\n\n<b>Uso adecuado: <\/b><span style=\"font-weight: 400;\">Los usuarios acuerdan no utilizar la landing page para cualquier prop\u00f3sito ilegal o prohibido por estos t\u00e9rminos.<\/span>\n\n<b>Responsabilidad del usuario: <\/b><span style=\"font-weight: 400;\">El usuario es responsable de la informaci\u00f3n que proporciona en la landing page. Whitetrack S.L. no asume ninguna responsabilidad por la informaci\u00f3n proporcionada por los usuarios.<\/span>\n\n<b>Indemnizaci\u00f3n: <\/b><span style=\"font-weight: 400;\">El usuario acuerda indemnizar y eximir de responsabilidad a Whitetrack S.L., sus afiliados, directores, empleados y agentes de cualquier reclamo, da\u00f1o, obligaci\u00f3n, p\u00e9rdida, responsabilidad, costo o deuda, y gastos (incluyendo, pero no limitado a, honorarios de abogados) derivados de: (i) el uso y acceso a la landing page de MyStage; (ii) la violaci\u00f3n de cualquier t\u00e9rmino de estos T\u00e9rminos y Condiciones.<\/span>\n\n<b>Exclusi\u00f3n de garant\u00edas: <\/b><span style=\"font-weight: 400;\">Whitetrack S.L. proporciona la landing page &#8220;tal cual&#8221; y &#8220;como est\u00e1 disponible&#8221;, sin garant\u00eda de ning\u00fan tipo, expl\u00edcita o impl\u00edcita.<\/span>\n\n<b>L\u00edmite de responsabilidad:<\/b><span style=\"font-weight: 400;\"> En ning\u00fan caso Whitetrack S.L. ser\u00e1 responsable de cualquier da\u00f1o directo, indirecto, incidental, especial, consecuencial o ejemplar, derivado del uso o la incapacidad de uso de la landing page.<\/span>\n\n<b>Terminaci\u00f3n:<\/b><span style=\"font-weight: 400;\"> Whitetrack S.L. se reserva el derecho de terminar el acceso a la landing page para cualquier usuario que viole estos t\u00e9rminos.<\/span>\n\n<b>Ley aplicable y jurisdicci\u00f3n:<\/b><span style=\"font-weight: 400;\"> Estos t\u00e9rminos se rigen por la ley espa\u00f1ola. Cualquier disputa relacionada con estos t\u00e9rminos ser\u00e1 resuelta en los tribunales de Espa\u00f1a.<\/span>\t\t\t\t\t\t<\/div>\n\t\t\t\t<\/div>\n\t\t\t\t\t<\/div>\n\t\t<\/div>\n\t\t\t\t\t\t\t<\/div>\n\t\t<\/section>\n\t\t\t\t\t<\/div>\n\t\t<\/div>\n\t\t\t\t\t\t\t<\/div>\n\t\t<\/section>\n\t\t\t\t\t\t\t<\/div>","protected":false},"excerpt":{"rendered":"<p>Politica de privacidad Pol\u00edtica de Privacidad de MyStage y su Landing Page 1.- Responsable del tratamiento de datos El responsable del tratamiento de sus datos personales es WHITETRACK, S.L. (en adelante, \u201cMyStage\u201d), con N.I.F.: B40645186 y domicilio social Juan Ram\u00f3n Jim\u00e9nez, 7 \u2013 46901 Torrent (Valencia). Le informamos que la titularidad de la Aplicaci\u00f3n y [&hellip;]<\/p>","protected":false},"author":1,"featured_media":0,"parent":0,"menu_order":0,"comment_status":"closed","ping_status":"closed","template":"elementor_canvas","meta":{"footnotes":""},"class_list":["post-768","page","type-page","status-publish","hentry"],"_links":{"self":[{"href":"https:\/\/mystage.world\/es\/wp-json\/wp\/v2\/pages\/768","targetHints":{"allow":["GET"]}}],"collection":[{"href":"https:\/\/mystage.world\/es\/wp-json\/wp\/v2\/pages"}],"about":[{"href":"https:\/\/mystage.world\/es\/wp-json\/wp\/v2\/types\/page"}],"author":[{"embeddable":true,"href":"https:\/\/mystage.world\/es\/wp-json\/wp\/v2\/users\/1"}],"replies":[{"embeddable":true,"href":"https:\/\/mystage.world\/es\/wp-json\/wp\/v2\/comments?post=768"}],"version-history":[{"count":4,"href":"https:\/\/mystage.world\/es\/wp-json\/wp\/v2\/pages\/768\/revisions"}],"predecessor-version":[{"id":773,"href":"https:\/\/mystage.world\/es\/wp-json\/wp\/v2\/pages\/768\/revisions\/773"}],"wp:attachment":[{"href":"https:\/\/mystage.world\/es\/wp-json\/wp\/v2\/media?parent=768"}],"curies":[{"name":"wp","href":"https:\/\/api.w.org\/{rel}","templated":true}]}}