{"id":774,"date":"2023-08-18T12:41:13","date_gmt":"2023-08-18T12:41:13","guid":{"rendered":"http:\/\/mystage.world\/?page_id=774"},"modified":"2023-08-18T12:42:32","modified_gmt":"2023-08-18T12:42:32","slug":"aviso-legal","status":"publish","type":"page","link":"https:\/\/mystage.world\/es\/aviso-legal\/","title":{"rendered":"Aviso legal"},"content":{"rendered":"<div data-elementor-type=\"wp-page\" data-elementor-id=\"774\" class=\"elementor elementor-774\" data-elementor-post-type=\"page\">\n\t\t\t\t\t\t\t\t\t<section class=\"elementor-section elementor-top-section elementor-element elementor-element-4b78433 elementor-section-boxed elementor-section-height-default elementor-section-height-default\" data-id=\"4b78433\" data-element_type=\"section\" data-settings=\"{&quot;jet_parallax_layout_list&quot;:[],&quot;background_background&quot;:&quot;gradient&quot;,&quot;sticky&quot;:&quot;top&quot;,&quot;sticky_on&quot;:[&quot;desktop&quot;,&quot;tablet&quot;,&quot;mobile&quot;],&quot;sticky_offset&quot;:0,&quot;sticky_effects_offset&quot;:0}\">\n\t\t\t\t\t\t<div class=\"elementor-container elementor-column-gap-default\">\n\t\t\t\t\t<div class=\"elementor-column elementor-col-33 elementor-top-column elementor-element elementor-element-6326a55\" data-id=\"6326a55\" data-element_type=\"column\">\n\t\t\t<div class=\"elementor-widget-wrap elementor-element-populated\">\n\t\t\t\t\t\t\t\t<div class=\"elementor-element elementor-element-a1b7171 elementor-widget elementor-widget-image\" data-id=\"a1b7171\" data-element_type=\"widget\" data-widget_type=\"image.default\">\n\t\t\t\t<div class=\"elementor-widget-container\">\n\t\t\t<style>\/*! elementor - v3.15.0 - 20-08-2023 *\/\n.elementor-widget-image{text-align:center}.elementor-widget-image a{display:inline-block}.elementor-widget-image a img[src$=\".svg\"]{width:48px}.elementor-widget-image img{vertical-align:middle;display:inline-block}<\/style>\t\t\t\t\t\t\t\t\t\t\t\t<img loading=\"lazy\" decoding=\"async\" width=\"100\" height=\"100\" src=\"https:\/\/mystage.world\/wp-content\/uploads\/2023\/04\/MyStage_logo_Whi.svg\" class=\"attachment-large size-large wp-image-185\" alt=\"logo de myStage\" \/>\t\t\t\t\t\t\t\t\t\t\t\t\t\t\t<\/div>\n\t\t\t\t<\/div>\n\t\t\t\t\t<\/div>\n\t\t<\/div>\n\t\t\t\t<div class=\"elementor-column elementor-col-33 elementor-top-column elementor-element elementor-element-fd72147 elementor-hidden-mobile\" data-id=\"fd72147\" data-element_type=\"column\">\n\t\t\t<div class=\"elementor-widget-wrap\">\n\t\t\t\t\t\t\t\t\t<\/div>\n\t\t<\/div>\n\t\t\t\t<div class=\"elementor-column elementor-col-33 elementor-top-column elementor-element elementor-element-b1df81d\" data-id=\"b1df81d\" data-element_type=\"column\">\n\t\t\t<div class=\"elementor-widget-wrap elementor-element-populated\">\n\t\t\t\t\t\t\t\t<div class=\"elementor-element elementor-element-8aa19f8 elementor-widget__width-auto elementor-widget elementor-widget-jet-button\" data-id=\"8aa19f8\" data-element_type=\"widget\" data-widget_type=\"jet-button.default\">\n\t\t\t\t<div class=\"elementor-widget-container\">\n\t\t\t<div class=\"elementor-jet-button jet-elements\"><div class=\"jet-button__container\">\n\t<a class=\"jet-button__instance jet-button__instance--icon-left hover-effect-11\" href=\"#elementor-action:action=popup:open&settings=eyJpZCI6IjQ5NSIsInRvZ2dsZSI6ZmFsc2V9\">\n\t\t<div class=\"jet-button__plane jet-button__plane-normal\"><\/div>\n\t\t<div class=\"jet-button__plane jet-button__plane-hover\"><\/div>\n\t\t<div class=\"jet-button__state jet-button__state-normal\">\n\t\t\t<span class=\"jet-button__label\">Join The Wishlist<\/span>\t\t<\/div>\n\t\t<div class=\"jet-button__state jet-button__state-hover\">\n\t\t\t<span class=\"jet-button__label\">Go ><\/span>\t\t<\/div>\n\t<\/a>\n<\/div>\n<\/div>\t\t<\/div>\n\t\t\t\t<\/div>\n\t\t\t\t\t<\/div>\n\t\t<\/div>\n\t\t\t\t\t\t\t<\/div>\n\t\t<\/section>\n\t\t\t\t<section class=\"elementor-section elementor-top-section elementor-element elementor-element-b5e8406 elementor-section-boxed elementor-section-height-default elementor-section-height-default\" data-id=\"b5e8406\" data-element_type=\"section\" data-settings=\"{&quot;jet_parallax_layout_list&quot;:[],&quot;background_background&quot;:&quot;classic&quot;}\">\n\t\t\t\t\t\t<div class=\"elementor-container elementor-column-gap-default\">\n\t\t\t\t\t<div class=\"elementor-column elementor-col-100 elementor-top-column elementor-element elementor-element-e901aaa\" data-id=\"e901aaa\" data-element_type=\"column\" data-settings=\"{&quot;background_background&quot;:&quot;classic&quot;}\">\n\t\t\t<div class=\"elementor-widget-wrap elementor-element-populated\">\n\t\t\t\t\t\t\t\t<section class=\"elementor-section elementor-inner-section elementor-element elementor-element-db58790 elementor-section-full_width elementor-section-height-default elementor-section-height-default\" data-id=\"db58790\" data-element_type=\"section\" data-settings=\"{&quot;jet_parallax_layout_list&quot;:[{&quot;_id&quot;:&quot;7af4506&quot;,&quot;jet_parallax_layout_image&quot;:{&quot;url&quot;:&quot;&quot;,&quot;id&quot;:&quot;&quot;,&quot;size&quot;:&quot;&quot;},&quot;jet_parallax_layout_image_tablet&quot;:{&quot;url&quot;:&quot;&quot;,&quot;id&quot;:&quot;&quot;,&quot;size&quot;:&quot;&quot;},&quot;jet_parallax_layout_image_mobile&quot;:{&quot;url&quot;:&quot;&quot;,&quot;id&quot;:&quot;&quot;,&quot;size&quot;:&quot;&quot;},&quot;jet_parallax_layout_speed&quot;:{&quot;unit&quot;:&quot;%&quot;,&quot;size&quot;:50,&quot;sizes&quot;:[]},&quot;jet_parallax_layout_type&quot;:&quot;scroll&quot;,&quot;jet_parallax_layout_direction&quot;:null,&quot;jet_parallax_layout_fx_direction&quot;:null,&quot;jet_parallax_layout_z_index&quot;:&quot;&quot;,&quot;jet_parallax_layout_bg_x&quot;:50,&quot;jet_parallax_layout_bg_x_tablet&quot;:&quot;&quot;,&quot;jet_parallax_layout_bg_x_mobile&quot;:&quot;&quot;,&quot;jet_parallax_layout_bg_y&quot;:50,&quot;jet_parallax_layout_bg_y_tablet&quot;:&quot;&quot;,&quot;jet_parallax_layout_bg_y_mobile&quot;:&quot;&quot;,&quot;jet_parallax_layout_bg_size&quot;:&quot;auto&quot;,&quot;jet_parallax_layout_bg_size_tablet&quot;:&quot;&quot;,&quot;jet_parallax_layout_bg_size_mobile&quot;:&quot;&quot;,&quot;jet_parallax_layout_animation_prop&quot;:&quot;transform&quot;,&quot;jet_parallax_layout_on&quot;:[&quot;desktop&quot;,&quot;tablet&quot;]}]}\">\n\t\t\t\t\t\t<div class=\"elementor-container elementor-column-gap-default\">\n\t\t\t\t\t<div class=\"elementor-column elementor-col-50 elementor-inner-column elementor-element elementor-element-93a0614\" data-id=\"93a0614\" data-element_type=\"column\">\n\t\t\t<div class=\"elementor-widget-wrap elementor-element-populated\">\n\t\t\t\t\t\t\t\t<div class=\"elementor-element elementor-element-e471235 elementor-widget elementor-widget-heading\" data-id=\"e471235\" data-element_type=\"widget\" data-settings=\"{&quot;sticky&quot;:&quot;top&quot;,&quot;sticky_on&quot;:[&quot;desktop&quot;],&quot;sticky_offset&quot;:0,&quot;sticky_effects_offset&quot;:0}\" data-widget_type=\"heading.default\">\n\t\t\t\t<div class=\"elementor-widget-container\">\n\t\t\t<style>\/*! elementor - v3.15.0 - 20-08-2023 *\/\n.elementor-heading-title{padding:0;margin:0;line-height:1}.elementor-widget-heading .elementor-heading-title[class*=elementor-size-]>a{color:inherit;font-size:inherit;line-height:inherit}.elementor-widget-heading .elementor-heading-title.elementor-size-small{font-size:15px}.elementor-widget-heading .elementor-heading-title.elementor-size-medium{font-size:19px}.elementor-widget-heading .elementor-heading-title.elementor-size-large{font-size:29px}.elementor-widget-heading .elementor-heading-title.elementor-size-xl{font-size:39px}.elementor-widget-heading .elementor-heading-title.elementor-size-xxl{font-size:59px}<\/style><h2 class=\"elementor-heading-title elementor-size-default\">Aviso Legal<\/h2>\t\t<\/div>\n\t\t\t\t<\/div>\n\t\t\t\t\t<\/div>\n\t\t<\/div>\n\t\t\t\t<div class=\"elementor-column elementor-col-50 elementor-inner-column elementor-element elementor-element-94605bc\" data-id=\"94605bc\" data-element_type=\"column\">\n\t\t\t<div class=\"elementor-widget-wrap elementor-element-populated\">\n\t\t\t\t\t\t\t\t<div class=\"elementor-element elementor-element-4c2e1a7 elementor-widget elementor-widget-text-editor\" data-id=\"4c2e1a7\" data-element_type=\"widget\" data-widget_type=\"text-editor.default\">\n\t\t\t\t<div class=\"elementor-widget-container\">\n\t\t\t<style>\/*! elementor - v3.15.0 - 20-08-2023 *\/\n.elementor-widget-text-editor.elementor-drop-cap-view-stacked .elementor-drop-cap{background-color:#69727d;color:#fff}.elementor-widget-text-editor.elementor-drop-cap-view-framed .elementor-drop-cap{color:#69727d;border:3px solid;background-color:transparent}.elementor-widget-text-editor:not(.elementor-drop-cap-view-default) .elementor-drop-cap{margin-top:8px}.elementor-widget-text-editor:not(.elementor-drop-cap-view-default) .elementor-drop-cap-letter{width:1em;height:1em}.elementor-widget-text-editor .elementor-drop-cap{float:left;text-align:center;line-height:1;font-size:50px}.elementor-widget-text-editor .elementor-drop-cap-letter{display:inline-block}<\/style>\t\t\t\t<h3><b>1.- Derecho de la informaci\u00f3n<\/b><\/h3><p><br \/><br \/><\/p><p><span style=\"font-weight: 400;\">Le informamos que este sitio Web es titularidad de WHITETRACK, S.L (en adelante, \u201cMYSTAGE\u201d), con N.I.F.: BXYZ12345 y domicilio social en C\/ Juan Ramon Jim\u00e9nez, 7. 46901 Torrent (Espa\u00f1a).<\/span><\/p><p><br \/><br \/><\/p><p><span style=\"font-weight: 400;\">El acceso y\/o uso del sitio web le atribuye la condici\u00f3n de usuario, y acepta, desde dicho acceso y\/o uso, el presente Aviso Legal.<\/span><\/p><p><br \/><br \/><\/p><p><span style=\"font-weight: 400;\">El usuario (en adelante, el \u201cUsuario\u201d) puede ponerse en contacto con MYSTAGE a trav\u00e9s de la siguiente direcci\u00f3n de correo electr\u00f3nico: hola@mystage.es<\/span><\/p><p><br \/><br \/><\/p><h3><b>2.- Uso del sitio web<\/b><\/h3><p><br \/><br \/><\/p><p><span style=\"font-weight: 400;\">El Usuario asume la responsabilidad del uso del sitio web de MYSTAGE (en adelante, el \u201cSitio Web\u201d). El Sitio Web puede proporcionar acceso a multitud de textos, gr\u00e1ficos, dibujos, dise\u00f1os, fotograf\u00edas, contenidos multimedia, e informaciones (en adelante, los \u00abContenidos\u00ab) pertenecientes a MYSTAGE o a terceros a los que el Usuario puede tener acceso.<\/span><\/p><p><br \/><br \/><\/p><p><span style=\"font-weight: 400;\">El Usuario se compromete a hacer un uso adecuado de los Contenidos y Servicios ofrecidos a trav\u00e9s del Sitio Web y con car\u00e1cter enunciativo, pero no limitativo, a no emplearlos para:<\/span><\/p><p><br \/><br \/><\/p><p><span style=\"font-weight: 400;\">Incurrir en actividades il\u00edcitas, ilegales o contrarias a la buena fe y al orden p\u00fablico.<\/span><\/p><p><span style=\"font-weight: 400;\">Provocar da\u00f1os en los sistemas f\u00edsicos y l\u00f3gicos del Sitio Web de MYSTAGE, de sus proveedores o de terceras personas.<\/span><\/p><p><span style=\"font-weight: 400;\">Introducir o difundir en la red virus inform\u00e1ticos o cualesquiera otros sistemas f\u00edsicos o l\u00f3gicos que sean susceptibles de provocar los da\u00f1os anteriormente mencionados.<\/span><\/p><p><span style=\"font-weight: 400;\">Intentar acceder, utilizar y\/o manipular los datos de MYSTAGE, terceros proveedores y otros usuarios.<\/span><\/p><p><span style=\"font-weight: 400;\">Reproducir o copiar, distribuir, permitir el acceso del p\u00fablico a trav\u00e9s de cualquier modalidad de comunicaci\u00f3n p\u00fablica, transformar o modificar los Contenidos, a menos que se cuente con la autorizaci\u00f3n de MYSTAGE.<\/span><\/p><p><span style=\"font-weight: 400;\">Suprimir, ocultar o manipular los Contenidos sujetos a derechos de propiedad intelectual o industrial y dem\u00e1s datos identificativos de dichos derechos de MYSTAGE o de terceros incorporados a los Contenidos, as\u00ed como los dispositivos t\u00e9cnicos de protecci\u00f3n o cualesquiera mecanismos de informaci\u00f3n que puedan insertarse en los Contenidos.<\/span><\/p><p>\u00a0<\/p><p><span style=\"font-weight: 400;\">MYSTAGE advierte de que los materiales contenidos en este sitio web han sido incluidos a mero t\u00edtulo informativo, por lo que resultan insuficientes para tomar decisiones o asumir posiciones en un caso concreto.<\/span><\/p><p><br \/><br \/><\/p><p><span style=\"font-weight: 400;\">El Usuario debe tener en cuenta que los materiales contenidos en este sitio web pudieran no reflejar el estado legislativo o jurisprudencial m\u00e1s reciente sobre las cuestiones analizadas. Asimismo, estos materiales pueden ser modificados, desarrollados o actualizados sin notificaci\u00f3n previa.<\/span><\/p><p><br \/><br \/><\/p><p><span style=\"font-weight: 400;\">MYSTAGE tendr\u00e1 derecho a investigar y denunciar cualquiera de las conductas mencionadas de acuerdo con la Ley, as\u00ed como a colaborar con las autoridades en la investigaci\u00f3n de dichas actuaciones.<\/span><\/p><p><br \/><br \/><\/p><p><span style=\"font-weight: 400;\">MYSTAGE podr\u00e1 suspender temporalmente y sin previo aviso, la accesibilidad al Sitio Web con motivo de operaciones de mantenimiento, reparaci\u00f3n, actualizaci\u00f3n o mejora. No obstante, siempre que las circunstancias lo permitan, MYSTAGE comunicar\u00e1 al Usuario, con antelaci\u00f3n suficiente, la fecha prevista para la suspensi\u00f3n de los Servicios. MYSTAGE no se responsabiliza del uso que los Usuarios puedan hacer de los Contenidos incluidos en el Sitio Web.<\/span><\/p><p><br \/><br \/><\/p><h3><b>3.- Propiedad Intelectual e Industrial<\/b><\/h3><p><br \/><br \/><\/p><p><span style=\"font-weight: 400;\">Todos los derechos de propiedad intelectual del Contenido del Sitio Web y su dise\u00f1o gr\u00e1fico son propiedad exclusiva de MYSTAGE, o bien de un tercero que ha autorizado la utilizaci\u00f3n de estos, por lo que es a MYSTAGE a quien le corresponde el ejercicio exclusivo de los derechos de explotaci\u00f3n de estos. Por ello y en virtud de lo dispuesto en la legislaci\u00f3n aplicable en materia de Derechos de Propiedad Intelectual e Industrial, MYSTAGE no concede ninguna licencia o autorizaci\u00f3n de uso de ninguna clase sobre sus derechos de propiedad intelectual e industrial o sobre cualquier otra propiedad o derecho relacionado con el Sitio Web, los Servicios o los Contenidos de este.<\/span><\/p><p><br \/><br \/><\/p><p><span style=\"font-weight: 400;\">Se permite la reproducci\u00f3n y almacenamiento temporal de los contenidos del Sitio Web en tanto ello sea estrictamente necesario para el uso y visualizaci\u00f3n del Sitio Web desde un dispositivo personal.<\/span><\/p><p><br \/><br \/><\/p><p><span style=\"font-weight: 400;\">La legitimidad de los derechos de propiedad intelectual o industrial correspondientes a los Contenidos aportados por los usuarios es responsabilidad exclusiva de los mismos, por lo que el Usuario mantendr\u00e1 indemne a MYSTAGE de cualquier reclamaci\u00f3n de terceros derivada de la utilizaci\u00f3n il\u00edcita de Contenidos en el Sitio Web.<\/span><\/p><p><br \/><br \/><\/p><h3><b>4.- Responsabilidad y Garant\u00edas<\/b><\/h3><p><br \/><br \/><\/p><p><span style=\"font-weight: 400;\">MYSTAGE declara que ha adoptado las medidas necesarias que, dentro de sus posibilidades y el estado de la tecnolog\u00eda, permitan el correcto funcionamiento de su Sitio Web, as\u00ed como la ausencia de virus y componentes da\u00f1inos. Sin embargo, MYSTAGE no puede hacerse responsable de:<\/span><\/p><p><br \/><br \/><\/p><p><span style=\"font-weight: 400;\">La continuidad y disponibilidad de los Contenidos y Servicios.<\/span><\/p><p><span style=\"font-weight: 400;\">La ausencia de errores en dichos Contenidos ni la correcci\u00f3n de cualquier defecto que pudiera ocurrir.<\/span><\/p><p><span style=\"font-weight: 400;\">La ausencia de virus y\/o dem\u00e1s componentes da\u00f1inos.<\/span><\/p><p><span style=\"font-weight: 400;\">Los da\u00f1os o perjuicios que cause cualquier persona que vulnere los sistemas de seguridad de MYSTAGE.<\/span><\/p><p>\u00a0<\/p><p><span style=\"font-weight: 400;\">Las aportaciones que se pueden encontrar en estas p\u00e1ginas se han realizado \u00fanicamente a t\u00edtulo informativo. MYSTAGE no garantiza la integridad, exactitud y actualidad de sus contenidos.<\/span><\/p><p><br \/><br \/><\/p><p><span style=\"font-weight: 400;\">MYSTAGE no asume ninguna responsabilidad sobre los enlaces a otras p\u00e1ginas web que se encuentren en el Sitio Web pudiendo dirigir al Usuario a otros sitios web sobre los que MYSTAGE no tiene ning\u00fan tipo de control, por lo que la inclusi\u00f3n de v\u00ednculos a otros sitios web no implica la aprobaci\u00f3n de sus contenidos por parte de MYSTAGE ni la existencia de ning\u00fan tipo de asociaci\u00f3n entre MYSTAGE y sus titulares. Por ello el Usuario accede bajo su exclusiva responsabilidad al Contenido y en las condiciones de uso que rijan en los mismos.<\/span><\/p><p><br \/><br \/><\/p><h3><b>5.- Links a p\u00e1ginas web<\/b><\/h3><p><br \/><br \/><\/p><p><span style=\"font-weight: 400;\">El Sitio Web de MYSTAGE podr\u00eda contener links a p\u00e1ginas web de compa\u00f1\u00edas y entidades de terceros. MYSTAGE no puede hacerse responsable de la forma en la que estas compa\u00f1\u00edas tratan la protecci\u00f3n de la privacidad y de los datos personales, por lo que le aconsejamos que lea detenidamente las declaraciones de<\/span><\/p>\t\t\t\t\t\t<\/div>\n\t\t\t\t<\/div>\n\t\t\t\t\t<\/div>\n\t\t<\/div>\n\t\t\t\t\t\t\t<\/div>\n\t\t<\/section>\n\t\t\t\t\t<\/div>\n\t\t<\/div>\n\t\t\t\t\t\t\t<\/div>\n\t\t<\/section>\n\t\t\t\t\t\t\t<\/div>","protected":false},"excerpt":{"rendered":"<p>Aviso Legal 1.- Derecho de la informaci\u00f3n Le informamos que este sitio Web es titularidad de WHITETRACK, S.L (en adelante, \u201cMYSTAGE\u201d), con N.I.F.: BXYZ12345 y domicilio social en C\/ Juan Ramon Jim\u00e9nez, 7. 46901 Torrent (Espa\u00f1a). El acceso y\/o uso del sitio web le atribuye la condici\u00f3n de usuario, y acepta, desde dicho acceso y\/o [&hellip;]<\/p>","protected":false},"author":1,"featured_media":0,"parent":0,"menu_order":0,"comment_status":"closed","ping_status":"closed","template":"elementor_canvas","meta":{"footnotes":""},"class_list":["post-774","page","type-page","status-publish","hentry"],"_links":{"self":[{"href":"https:\/\/mystage.world\/es\/wp-json\/wp\/v2\/pages\/774","targetHints":{"allow":["GET"]}}],"collection":[{"href":"https:\/\/mystage.world\/es\/wp-json\/wp\/v2\/pages"}],"about":[{"href":"https:\/\/mystage.world\/es\/wp-json\/wp\/v2\/types\/page"}],"author":[{"embeddable":true,"href":"https:\/\/mystage.world\/es\/wp-json\/wp\/v2\/users\/1"}],"replies":[{"embeddable":true,"href":"https:\/\/mystage.world\/es\/wp-json\/wp\/v2\/comments?post=774"}],"version-history":[{"count":4,"href":"https:\/\/mystage.world\/es\/wp-json\/wp\/v2\/pages\/774\/revisions"}],"predecessor-version":[{"id":780,"href":"https:\/\/mystage.world\/es\/wp-json\/wp\/v2\/pages\/774\/revisions\/780"}],"wp:attachment":[{"href":"https:\/\/mystage.world\/es\/wp-json\/wp\/v2\/media?parent=774"}],"curies":[{"name":"wp","href":"https:\/\/api.w.org\/{rel}","templated":true}]}}