{"id":781,"date":"2023-08-18T12:43:16","date_gmt":"2023-08-18T12:43:16","guid":{"rendered":"http:\/\/mystage.world\/?page_id=781"},"modified":"2023-08-18T12:44:15","modified_gmt":"2023-08-18T12:44:15","slug":"politica-cookies","status":"publish","type":"page","link":"https:\/\/mystage.world\/es\/politica-cookies\/","title":{"rendered":"Pol\u00edtica Cookies"},"content":{"rendered":"<div data-elementor-type=\"wp-page\" data-elementor-id=\"781\" class=\"elementor elementor-781\" data-elementor-post-type=\"page\">\n\t\t\t\t\t\t\t\t\t<section class=\"elementor-section elementor-top-section elementor-element elementor-element-826a9d6 elementor-section-boxed elementor-section-height-default elementor-section-height-default\" data-id=\"826a9d6\" data-element_type=\"section\" data-settings=\"{&quot;jet_parallax_layout_list&quot;:[],&quot;background_background&quot;:&quot;gradient&quot;,&quot;sticky&quot;:&quot;top&quot;,&quot;sticky_on&quot;:[&quot;desktop&quot;,&quot;tablet&quot;,&quot;mobile&quot;],&quot;sticky_offset&quot;:0,&quot;sticky_effects_offset&quot;:0}\">\n\t\t\t\t\t\t<div class=\"elementor-container elementor-column-gap-default\">\n\t\t\t\t\t<div class=\"elementor-column elementor-col-33 elementor-top-column elementor-element elementor-element-fdae3cc\" data-id=\"fdae3cc\" data-element_type=\"column\">\n\t\t\t<div class=\"elementor-widget-wrap elementor-element-populated\">\n\t\t\t\t\t\t\t\t<div class=\"elementor-element elementor-element-2b936aa elementor-widget elementor-widget-image\" data-id=\"2b936aa\" data-element_type=\"widget\" data-widget_type=\"image.default\">\n\t\t\t\t<div class=\"elementor-widget-container\">\n\t\t\t<style>\/*! elementor - v3.15.0 - 20-08-2023 *\/\n.elementor-widget-image{text-align:center}.elementor-widget-image a{display:inline-block}.elementor-widget-image a img[src$=\".svg\"]{width:48px}.elementor-widget-image img{vertical-align:middle;display:inline-block}<\/style>\t\t\t\t\t\t\t\t\t\t\t\t<img loading=\"lazy\" decoding=\"async\" width=\"100\" height=\"100\" src=\"https:\/\/mystage.world\/wp-content\/uploads\/2023\/04\/MyStage_logo_Whi.svg\" class=\"attachment-large size-large wp-image-185\" alt=\"logo de myStage\" \/>\t\t\t\t\t\t\t\t\t\t\t\t\t\t\t<\/div>\n\t\t\t\t<\/div>\n\t\t\t\t\t<\/div>\n\t\t<\/div>\n\t\t\t\t<div class=\"elementor-column elementor-col-33 elementor-top-column elementor-element elementor-element-3b386dd elementor-hidden-mobile\" data-id=\"3b386dd\" data-element_type=\"column\">\n\t\t\t<div class=\"elementor-widget-wrap\">\n\t\t\t\t\t\t\t\t\t<\/div>\n\t\t<\/div>\n\t\t\t\t<div class=\"elementor-column elementor-col-33 elementor-top-column elementor-element elementor-element-5be22c9\" data-id=\"5be22c9\" data-element_type=\"column\">\n\t\t\t<div class=\"elementor-widget-wrap elementor-element-populated\">\n\t\t\t\t\t\t\t\t<div class=\"elementor-element elementor-element-56164a6 elementor-widget__width-auto elementor-widget elementor-widget-jet-button\" data-id=\"56164a6\" data-element_type=\"widget\" data-widget_type=\"jet-button.default\">\n\t\t\t\t<div class=\"elementor-widget-container\">\n\t\t\t<div class=\"elementor-jet-button jet-elements\"><div class=\"jet-button__container\">\n\t<a class=\"jet-button__instance jet-button__instance--icon-left hover-effect-11\" href=\"#elementor-action:action=popup:open&settings=eyJpZCI6IjQ5NSIsInRvZ2dsZSI6ZmFsc2V9\">\n\t\t<div class=\"jet-button__plane jet-button__plane-normal\"><\/div>\n\t\t<div class=\"jet-button__plane jet-button__plane-hover\"><\/div>\n\t\t<div class=\"jet-button__state jet-button__state-normal\">\n\t\t\t<span class=\"jet-button__label\">Join The Wishlist<\/span>\t\t<\/div>\n\t\t<div class=\"jet-button__state jet-button__state-hover\">\n\t\t\t<span class=\"jet-button__label\">Go ><\/span>\t\t<\/div>\n\t<\/a>\n<\/div>\n<\/div>\t\t<\/div>\n\t\t\t\t<\/div>\n\t\t\t\t\t<\/div>\n\t\t<\/div>\n\t\t\t\t\t\t\t<\/div>\n\t\t<\/section>\n\t\t\t\t<section class=\"elementor-section elementor-top-section elementor-element elementor-element-4c386cb elementor-section-boxed elementor-section-height-default elementor-section-height-default\" data-id=\"4c386cb\" data-element_type=\"section\" data-settings=\"{&quot;jet_parallax_layout_list&quot;:[],&quot;background_background&quot;:&quot;classic&quot;}\">\n\t\t\t\t\t\t<div class=\"elementor-container elementor-column-gap-default\">\n\t\t\t\t\t<div class=\"elementor-column elementor-col-100 elementor-top-column elementor-element elementor-element-ae879d4\" data-id=\"ae879d4\" data-element_type=\"column\" data-settings=\"{&quot;background_background&quot;:&quot;classic&quot;}\">\n\t\t\t<div class=\"elementor-widget-wrap elementor-element-populated\">\n\t\t\t\t\t\t\t\t<section class=\"elementor-section elementor-inner-section elementor-element elementor-element-c62d484 elementor-section-full_width elementor-section-height-default elementor-section-height-default\" data-id=\"c62d484\" data-element_type=\"section\" data-settings=\"{&quot;jet_parallax_layout_list&quot;:[{&quot;_id&quot;:&quot;7af4506&quot;,&quot;jet_parallax_layout_image&quot;:{&quot;url&quot;:&quot;&quot;,&quot;id&quot;:&quot;&quot;,&quot;size&quot;:&quot;&quot;},&quot;jet_parallax_layout_image_tablet&quot;:{&quot;url&quot;:&quot;&quot;,&quot;id&quot;:&quot;&quot;,&quot;size&quot;:&quot;&quot;},&quot;jet_parallax_layout_image_mobile&quot;:{&quot;url&quot;:&quot;&quot;,&quot;id&quot;:&quot;&quot;,&quot;size&quot;:&quot;&quot;},&quot;jet_parallax_layout_speed&quot;:{&quot;unit&quot;:&quot;%&quot;,&quot;size&quot;:50,&quot;sizes&quot;:[]},&quot;jet_parallax_layout_type&quot;:&quot;scroll&quot;,&quot;jet_parallax_layout_direction&quot;:null,&quot;jet_parallax_layout_fx_direction&quot;:null,&quot;jet_parallax_layout_z_index&quot;:&quot;&quot;,&quot;jet_parallax_layout_bg_x&quot;:50,&quot;jet_parallax_layout_bg_x_tablet&quot;:&quot;&quot;,&quot;jet_parallax_layout_bg_x_mobile&quot;:&quot;&quot;,&quot;jet_parallax_layout_bg_y&quot;:50,&quot;jet_parallax_layout_bg_y_tablet&quot;:&quot;&quot;,&quot;jet_parallax_layout_bg_y_mobile&quot;:&quot;&quot;,&quot;jet_parallax_layout_bg_size&quot;:&quot;auto&quot;,&quot;jet_parallax_layout_bg_size_tablet&quot;:&quot;&quot;,&quot;jet_parallax_layout_bg_size_mobile&quot;:&quot;&quot;,&quot;jet_parallax_layout_animation_prop&quot;:&quot;transform&quot;,&quot;jet_parallax_layout_on&quot;:[&quot;desktop&quot;,&quot;tablet&quot;]}]}\">\n\t\t\t\t\t\t<div class=\"elementor-container elementor-column-gap-default\">\n\t\t\t\t\t<div class=\"elementor-column elementor-col-50 elementor-inner-column elementor-element elementor-element-989019e\" data-id=\"989019e\" data-element_type=\"column\">\n\t\t\t<div class=\"elementor-widget-wrap elementor-element-populated\">\n\t\t\t\t\t\t\t\t<div class=\"elementor-element elementor-element-b73fb9d elementor-widget elementor-widget-heading\" data-id=\"b73fb9d\" data-element_type=\"widget\" data-settings=\"{&quot;sticky&quot;:&quot;top&quot;,&quot;sticky_on&quot;:[&quot;desktop&quot;],&quot;sticky_offset&quot;:0,&quot;sticky_effects_offset&quot;:0}\" data-widget_type=\"heading.default\">\n\t\t\t\t<div class=\"elementor-widget-container\">\n\t\t\t<style>\/*! elementor - v3.15.0 - 20-08-2023 *\/\n.elementor-heading-title{padding:0;margin:0;line-height:1}.elementor-widget-heading .elementor-heading-title[class*=elementor-size-]>a{color:inherit;font-size:inherit;line-height:inherit}.elementor-widget-heading .elementor-heading-title.elementor-size-small{font-size:15px}.elementor-widget-heading .elementor-heading-title.elementor-size-medium{font-size:19px}.elementor-widget-heading .elementor-heading-title.elementor-size-large{font-size:29px}.elementor-widget-heading .elementor-heading-title.elementor-size-xl{font-size:39px}.elementor-widget-heading .elementor-heading-title.elementor-size-xxl{font-size:59px}<\/style><h2 class=\"elementor-heading-title elementor-size-default\">Pol\u00edtica de Cookies<\/h2>\t\t<\/div>\n\t\t\t\t<\/div>\n\t\t\t\t\t<\/div>\n\t\t<\/div>\n\t\t\t\t<div class=\"elementor-column elementor-col-50 elementor-inner-column elementor-element elementor-element-bbf60d2\" data-id=\"bbf60d2\" data-element_type=\"column\">\n\t\t\t<div class=\"elementor-widget-wrap elementor-element-populated\">\n\t\t\t\t\t\t\t\t<div class=\"elementor-element elementor-element-4543629 elementor-widget elementor-widget-text-editor\" data-id=\"4543629\" data-element_type=\"widget\" data-widget_type=\"text-editor.default\">\n\t\t\t\t<div class=\"elementor-widget-container\">\n\t\t\t<style>\/*! elementor - v3.15.0 - 20-08-2023 *\/\n.elementor-widget-text-editor.elementor-drop-cap-view-stacked .elementor-drop-cap{background-color:#69727d;color:#fff}.elementor-widget-text-editor.elementor-drop-cap-view-framed .elementor-drop-cap{color:#69727d;border:3px solid;background-color:transparent}.elementor-widget-text-editor:not(.elementor-drop-cap-view-default) .elementor-drop-cap{margin-top:8px}.elementor-widget-text-editor:not(.elementor-drop-cap-view-default) .elementor-drop-cap-letter{width:1em;height:1em}.elementor-widget-text-editor .elementor-drop-cap{float:left;text-align:center;line-height:1;font-size:50px}.elementor-widget-text-editor .elementor-drop-cap-letter{display:inline-block}<\/style>\t\t\t\t<p><span style=\"font-weight: 400;\">WHITETRACK, S.L., (en adelante, el \u201cTITULAR\u201d) informa, a trav\u00e9s de la presente Pol\u00edtica de Cookies, acerca de la utilizaci\u00f3n de dispositivos de almacenamiento y recuperaci\u00f3n de datos en equipos terminales de los Usuarios.<\/span><\/p><p>\u00a0<\/p><h3><b>1.- \u00bfQu\u00e9 son las cookies?<\/b><\/h3><p>\u00a0<\/p><p><span style=\"font-weight: 400;\">Las cookies son archivos o ficheros que se descargan en el ordenador\/smartphone\/tablet del Usuario al acceder a determinadas p\u00e1ginas web y aplicaciones que permiten almacenar preferencias de la navegaci\u00f3n del Usuario, haciendo que la interacci\u00f3n entre el Usuario y el Sitio Web sea m\u00e1s r\u00e1pida y f\u00e1cil.<\/span><\/p><p>\u00a0<\/p><p><span style=\"font-weight: 400;\">La informaci\u00f3n recogida por las cookies es an\u00f3nima y no contiene ninguna informaci\u00f3n sensible ya que no recogen datos que puedan identificar personalmente al Usuario. En cualquier caso, el Usuario podr\u00e1 acceder a la configuraci\u00f3n de su navegador para modificar y\/o bloquear la instalaci\u00f3n de las Cookies enviadas desde el Sitio Web, sin que ello impida al acceso a los contenidos.<\/span><\/p><p>\u00a0<\/p><h3><b>2.- \u00bfPara qu\u00e9 utiliza el TITULAR las cookies?<\/b><\/h3><p>\u00a0<\/p><p><span style=\"font-weight: 400;\">De conformidad con la Ley 34\/2002, de 11 de julio, de servicios de la sociedad de la informaci\u00f3n y de comercio electr\u00f3nico (en adelante, \u201cLSSI\u201d), el presente Sitio Web utiliza cookies u otros dispositivos de almacenamiento y recuperaci\u00f3n de informaci\u00f3n para realizar un seguimiento de las interacciones de los Usuarios con los servicios ofrecidos en el Sitio Web.<\/span><\/p><p>\u00a0<\/p><p><span style=\"font-weight: 400;\">Las cookies permiten reconocer el navegador de un Usuario, as\u00ed como el tipo de dispositivo desde el que se accede al Sitio Web y se utilizan para facilitar la pr\u00f3xima visita del Usuario y hacer que el Sitio Web le resulte m\u00e1s \u00fatil.<\/span><\/p><p>\u00a0<\/p><p><span style=\"font-weight: 400;\">El TITULAR utiliza las cookies para:<\/span><\/p><p>\u00a0<\/p><p><span style=\"font-weight: 400;\">Optimizar la navegaci\u00f3n del Usuario mediante el seguimiento de la sesi\u00f3n.<\/span><\/p><p>\u00a0<\/p><p><span style=\"font-weight: 400;\">Recopilar informaci\u00f3n para optimizar la navegaci\u00f3n y mejorar el Sitio Web.<\/span><\/p><p>\u00a0<\/p><p><span style=\"font-weight: 400;\">El Sitio Web utiliza los siguientes tipos de cookies:<\/span><\/p><p>\u00a0<\/p><p><span style=\"font-weight: 400;\">Obligatorias: Cookies estrictamente necesarias para prestar un servicio o contenido solicitado por el usuario. \u00c9stas se encargan de aspectos t\u00e9cnicos como identificar registros y gestionar preferencias de herramientas en el uso, interacci\u00f3n y localizaci\u00f3n del acceso a los contenidos.<\/span><\/p><p>\u00a0<\/p><p><span style=\"font-weight: 400;\">Nombre<\/span><\/p><p>\u00a0<\/p><p><span style=\"font-weight: 400;\">Finalidad<\/span><\/p><p>\u00a0<\/p><p><span style=\"font-weight: 400;\">Caducidad<\/span><\/p><p>\u00a0<\/p><p><span style=\"font-weight: 400;\">Proveedor<\/span><\/p><p>\u00a0<\/p><p><span style=\"font-weight: 400;\">cookielawinfo-checkbox-necessary<\/span> <span style=\"font-weight: 400;\">Utilizada para la aceptaci\u00f3n de cookies necesarias<\/span> <span style=\"font-weight: 400;\">1 hora<\/span> <span style=\"font-weight: 400;\">mystage.es<\/span><\/p><p><span style=\"font-weight: 400;\">cookielawinfo-checkbox-non-necessary<\/span> <span style=\"font-weight: 400;\">Utilizada para la aceptaci\u00f3n de cookies necesarias<\/span> <span style=\"font-weight: 400;\">1 a\u00f1o<\/span> <span style=\"font-weight: 400;\">mystage.es<\/span><\/p><p><span style=\"font-weight: 400;\">viewed_cookie_policy<\/span> <span style=\"font-weight: 400;\">Se usa para visualizar y gestionar la pol\u00edtica de cookies.<\/span> <span style=\"font-weight: 400;\">1 a\u00f1o<\/span> <span style=\"font-weight: 400;\">mystage.es<\/span><\/p><p><span style=\"font-weight: 400;\">Estad\u00edsticas\/anal\u00edticas: Estas cookies recogen informaci\u00f3n relativa al uso de la p\u00e1gina como la permanencia en p\u00e1gina y los contenidos visitados por los lectores para medir su rendimiento y mejorar la navegaci\u00f3n.<\/span><\/p><p>\u00a0<\/p><p><span style=\"font-weight: 400;\">Los objetivos principales que se persiguen con este tipo de cookies son:<\/span><\/p><p>\u00a0<\/p><p><span style=\"font-weight: 400;\">Permitir la identificaci\u00f3n an\u00f3nima de los Usuarios navegantes y por lo tanto la contabilizaci\u00f3n aproximada del n\u00famero de visitantes.<\/span><\/p><p>\u00a0<\/p><p><span style=\"font-weight: 400;\">Identificar de forma an\u00f3nima los contenidos m\u00e1s visitados.<\/span><\/p><p>\u00a0<\/p><p><span style=\"font-weight: 400;\">Saber si el Usuario que est\u00e1 accediendo es nuevo o repite visita.<\/span><\/p><p>\u00a0<\/p><p><span style=\"font-weight: 400;\">A continuaci\u00f3n, se detallan las cookies anal\u00edticas que se utilizan en el Sitio Web<\/span><\/p><p>\u00a0<\/p><p><span style=\"font-weight: 400;\">Nombre<\/span><\/p><p>\u00a0<\/p><p><span style=\"font-weight: 400;\">Finalidad<\/span><\/p><p>\u00a0<\/p><p><span style=\"font-weight: 400;\">Caducidad<\/span><\/p><p>\u00a0<\/p><p><span style=\"font-weight: 400;\">Proveedor<\/span><\/p><p>\u00a0<\/p><p><span style=\"font-weight: 400;\">_ga<\/span><\/p><p>\u00a0<\/p><p><span style=\"font-weight: 400;\">Esta Cookie se usa para distinguir a los usuarios<\/span><\/p><p>\u00a0<\/p><p><span style=\"font-weight: 400;\">2 a\u00f1os<\/span><\/p><p>\u00a0<\/p><p><span style=\"font-weight: 400;\">Google Analytics<\/span><\/p><p>\u00a0<\/p><p><span style=\"font-weight: 400;\">_gat<\/span><\/p><p>\u00a0<\/p><p><span style=\"font-weight: 400;\">Esta Cookie se usa para limitar el porcentaje de solicitudes.<\/span><\/p><p>\u00a0<\/p><p><span style=\"font-weight: 400;\">1 minuto<\/span><\/p><p>\u00a0<\/p><p><span style=\"font-weight: 400;\">Google Analytics<\/span><\/p><p>\u00a0<\/p><p><span style=\"font-weight: 400;\">_gid<\/span><\/p><p>\u00a0<\/p><p><span style=\"font-weight: 400;\">Esta Cookie se usa para distinguir a los usuarios<\/span><\/p><p>\u00a0<\/p><p><span style=\"font-weight: 400;\">24 horas<\/span><\/p><p>\u00a0<\/p><p><span style=\"font-weight: 400;\">Google Analytics<\/span><\/p><p>\u00a0<\/p><p><span style=\"font-weight: 400;\">3.- \u00bfC\u00f3mo deshabilitar las cookies?<\/span><\/p><p>\u00a0<\/p><p><span style=\"font-weight: 400;\">Aquellas cookies que no sean obligatorias para la navegaci\u00f3n del presente Sitio Web podr\u00e1n deshabilitarse en la configuraci\u00f3n del Sitio Web. Estos ajustes se encuentran en el pie de p\u00e1gina del Sitio Web. Adem\u00e1s, todos los navegadores permiten hacer cambios para desactivar la configuraci\u00f3n de las cookies.<\/span><\/p><p>\u00a0<\/p><p><span style=\"font-weight: 400;\">Este es el motivo por el que la mayor\u00eda de navegadores ofrecen la posibilidad de administrar las cookies, para obtener un control m\u00e1s preciso sobre la privacidad. Estos ajustes se encuentran ubicados en las \u00abopciones\u00bb o \u00abpreferencias\u00bb del men\u00fa de su navegador.<\/span><\/p><p>\u00a0<\/p><p><span style=\"font-weight: 400;\">A continuaci\u00f3n, podr\u00e1 encontrar los links de cada navegador para deshabilitar las cookies siguiendo las instrucciones:<\/span><\/p><p>\u00a0<\/p><p><span style=\"font-weight: 400;\">Internet Explorer (https:\/\/goo.gl\/iU2wh2 )<\/span><\/p><p>\u00a0<\/p><p><span style=\"font-weight: 400;\">En el men\u00fa de herramientas, selecciones \u201cOpciones de Internet\u201d.<\/span><\/p><p>\u00a0<\/p><p><span style=\"font-weight: 400;\">Haga clic en la pesta\u00f1a de privacidad.<\/span><\/p><p>\u00a0<\/p><p><span style=\"font-weight: 400;\">Podr\u00e1 configurar la privacidad con un cursor con seis posiciones que le permite controlar la cantidad de cookies que se instalar\u00e1n: Bloquear todas las cookies, Alta, Media Alto, Media (nivel por defecto), Baja y Aceptar todas las cookies.<\/span><\/p><p>\u00a0<\/p><p><span style=\"font-weight: 400;\">Mozilla Firefox (http:\/\/goo.gl\/QXWYmv)<\/span><\/p><p>\u00a0<\/p><p><span style=\"font-weight: 400;\">En la parte superior de la venta de Firefox hacer clic en el men\u00fa Herramientas.<\/span><\/p><p>\u00a0<\/p><p><span style=\"font-weight: 400;\">Seleccionar Opciones.<\/span><\/p><p>\u00a0<\/p><p><span style=\"font-weight: 400;\">Seleccionar el panel Privacidad.<\/span><\/p><p>\u00a0<\/p><p><span style=\"font-weight: 400;\">En la opci\u00f3n Firefox podr\u00e1 elegir Usar una configuraci\u00f3n personalizada de su historial, as\u00ed como otras cuestiones relacionadas con su Privacidad.<\/span><\/p><p>\u00a0<\/p><p><span style=\"font-weight: 400;\">Google Chrome (http:\/\/goo.gl\/fQnkSB)<\/span><\/p><p>\u00a0<\/p><p><span style=\"font-weight: 400;\">Hacer clic en el men\u00fa situado en la barra de herramientas.<\/span><\/p><p>\u00a0<\/p><p><span style=\"font-weight: 400;\">Seleccionar Configuraci\u00f3n.<\/span><\/p><p>\u00a0<\/p><p><span style=\"font-weight: 400;\">Hacer clic en Mostar opciones avanzadas.<\/span><\/p><p>\u00a0<\/p><p><span style=\"font-weight: 400;\">En la selecci\u00f3n \u201cPrivacidad\u201d hacer clic en el bot\u00f3n Configuraci\u00f3n de contenido.<\/span><\/p><p>\u00a0<\/p><p><span style=\"font-weight: 400;\">En la selecci\u00f3n de Cookies, se pueden configurar las opciones.<\/span><\/p><p>\u00a0<\/p><p><span style=\"font-weight: 400;\">Safari (https:\/\/goo.gl\/PcjEm3; https:\/\/goo.gl\/dQywEo)<\/span><\/p><p>\u00a0<\/p><p><span style=\"font-weight: 400;\">En el men\u00fa de configuraci\u00f3n seleccione la opci\u00f3n de \u201cPreferencias\u201d.<\/span><\/p><p>\u00a0<\/p><p><span style=\"font-weight: 400;\">Abra la pesta\u00f1a de privacidad.<\/span><\/p><p>\u00a0<\/p><p><span style=\"font-weight: 400;\">Seleccione la opci\u00f3n que quiera de la secci\u00f3n de \u201cbloquear cookies\u201d.<\/span><\/p><p>\u00a0<\/p><p><span style=\"font-weight: 400;\">Recuerde que ciertas funciones y la plena funcionalidad del Sitio Web pueden no estar disponibles despu\u00e9s de deshabilitar las cookies.<\/span><\/p><p>\u00a0<\/p><p><span style=\"font-weight: 400;\">Si no desea ser rastreado por las cookies, Google ha desarrollado un complemento para instalar en su navegador al que puede acceder en el siguiente enlace:\u00a0 http:\/\/goo.gl\/up4ND.<\/span><\/p><p>\u00a0<\/p><h3><b>4.- Cookies en los dispositivos m\u00f3viles<\/b><\/h3><p>\u00a0<\/p><p><span style=\"font-weight: 400;\">El titular del Sitio Web tambi\u00e9n usa cookies u otros dispositivos de almacenamiento en dispositivos m\u00f3viles.<\/span><\/p><p>\u00a0<\/p><p><span style=\"font-weight: 400;\">Aquellas cookies que no sean obligatorias para la navegaci\u00f3n del presente Sitio Web podr\u00e1n deshabilitarse en la configuraci\u00f3n del Sitio Web.<\/span><\/p><p>\u00a0<\/p><p><span style=\"font-weight: 400;\">Estos ajustes se encuentran en el pie de p\u00e1gina del Sitio Web. Adem\u00e1s, al igual que sucede en los navegadores de ordenadores, lo navegadores de los dispositivos m\u00f3viles permiten realizar cambios en las opciones o ajustes de privacidad para desactivar o eliminar las cookies.<\/span><\/p><p>\u00a0<\/p><p><span style=\"font-weight: 400;\">Si desea modificar las opciones de privacidad siga las instrucciones especificadas por el desarrollador de su navegador para dispositivo m\u00f3vil.<\/span><\/p><p>\u00a0<\/p><p><span style=\"font-weight: 400;\">A continuaci\u00f3n, podr\u00e1 encontrar algunos ejemplos de los links que le guiar\u00e1n para modificar las opciones de privacidad en su dispositivo m\u00f3vil:<\/span><\/p><p>\u00a0<\/p><p><span style=\"font-weight: 400;\">IOS: (http:\/\/goo.gl\/61xevS)<\/span><\/p><p>\u00a0<\/p><p><span style=\"font-weight: 400;\">Windows Phone: (https:\/\/goo.gl\/tKyb0y)<\/span><\/p><p>\u00a0<\/p><p><span style=\"font-weight: 400;\">Chrome Mobile: (http:\/\/goo.gl\/XJp7N)<\/span><\/p><p>\u00a0<\/p><p><span style=\"font-weight: 400;\">Opera Mobile: (http:\/\/goo.gl\/Nzr8s7)<\/span><\/p><p>\u00a0<\/p><h3><b>5.- Aceptaci\u00f3n de cookies<\/b><\/h3><p>\u00a0<\/p><p><span style=\"font-weight: 400;\">El presente Sitio Web no instala nuestras cookies en los dispositivos de los usuarios hasta que estos hayan aceptado la instalaci\u00f3n de \u00e9stas.<\/span><\/p><p>\u00a0<\/p><p><span style=\"font-weight: 400;\">Le informamos que en el caso de no aceptar la instalaci\u00f3n de cookies o de deshabilitar alguna de estas en la configuraci\u00f3n, es posible que ciertos servicios no est\u00e9n disponibles sin la utilizaci\u00f3n de estas o que no pueda acceder a determinados servicios ni tampoco aprovechar por completo todo lo que este Sitio Web le ofrece.<\/span><\/p>\t\t\t\t\t\t<\/div>\n\t\t\t\t<\/div>\n\t\t\t\t\t<\/div>\n\t\t<\/div>\n\t\t\t\t\t\t\t<\/div>\n\t\t<\/section>\n\t\t\t\t\t<\/div>\n\t\t<\/div>\n\t\t\t\t\t\t\t<\/div>\n\t\t<\/section>\n\t\t\t\t\t\t\t<\/div>","protected":false},"excerpt":{"rendered":"<p>Pol\u00edtica de Cookies WHITETRACK, S.L., (en adelante, el \u201cTITULAR\u201d) informa, a trav\u00e9s de la presente Pol\u00edtica de Cookies, acerca de la utilizaci\u00f3n de dispositivos de almacenamiento y recuperaci\u00f3n de datos en equipos terminales de los Usuarios. \u00a0 1.- \u00bfQu\u00e9 son las cookies? \u00a0 Las cookies son archivos o ficheros que se descargan en el ordenador\/smartphone\/tablet [&hellip;]<\/p>","protected":false},"author":1,"featured_media":0,"parent":0,"menu_order":0,"comment_status":"closed","ping_status":"closed","template":"elementor_canvas","meta":{"footnotes":""},"class_list":["post-781","page","type-page","status-publish","hentry"],"_links":{"self":[{"href":"https:\/\/mystage.world\/es\/wp-json\/wp\/v2\/pages\/781","targetHints":{"allow":["GET"]}}],"collection":[{"href":"https:\/\/mystage.world\/es\/wp-json\/wp\/v2\/pages"}],"about":[{"href":"https:\/\/mystage.world\/es\/wp-json\/wp\/v2\/types\/page"}],"author":[{"embeddable":true,"href":"https:\/\/mystage.world\/es\/wp-json\/wp\/v2\/users\/1"}],"replies":[{"embeddable":true,"href":"https:\/\/mystage.world\/es\/wp-json\/wp\/v2\/comments?post=781"}],"version-history":[{"count":4,"href":"https:\/\/mystage.world\/es\/wp-json\/wp\/v2\/pages\/781\/revisions"}],"predecessor-version":[{"id":786,"href":"https:\/\/mystage.world\/es\/wp-json\/wp\/v2\/pages\/781\/revisions\/786"}],"wp:attachment":[{"href":"https:\/\/mystage.world\/es\/wp-json\/wp\/v2\/media?parent=781"}],"curies":[{"name":"wp","href":"https:\/\/api.w.org\/{rel}","templated":true}]}}